{"id":20352,"date":"2017-11-30T19:02:53","date_gmt":"2017-11-30T19:02:53","guid":{"rendered":"https:\/\/orgchartpro.de\/orgchart-platinum-overview\/"},"modified":"2019-05-24T03:39:15","modified_gmt":"2019-05-24T02:39:15","slug":"orgchart-platinum-overview","status":"publish","type":"page","link":"https:\/\/orgchartpro.de\/de\/orgchart-platinum-overview\/","title":{"rendered":"OrgChart Platinum \u2013 \u00dcbersicht"},"content":{"rendered":"<p><div class=\"fusion-fullwidth fullwidth-box fusion-builder-row-1 nonhundred-percent-fullwidth non-hundred-percent-height-scrolling\" style=\"--awb-border-radius-top-left:0px;--awb-border-radius-top-right:0px;--awb-border-radius-bottom-right:0px;--awb-border-radius-bottom-left:0px;--awb-padding-top:10px;--awb-padding-right:15px;--awb-padding-bottom:10px;--awb-padding-left:15px;--awb-margin-top:10px;--awb-margin-bottom:10px;--awb-background-color:#f6f6f6;--awb-flex-wrap:wrap;\" ><div class=\"fusion-builder-row fusion-row\"><div class=\"fusion-layout-column fusion_builder_column fusion-builder-column-0 fusion_builder_column_1_1 1_1 fusion-one-full fusion-column-first fusion-column-last\" style=\"--awb-bg-size:cover;--awb-margin-bottom:0px;\"><div class=\"fusion-column-wrapper fusion-flex-column-wrapper-legacy\"><div class=\"fusion-text fusion-text-1\"><h2>OrgChart Platinum \u2013 die All-in-One-L\u00f6sung f\u00fcr Organigrammerstellung und <a href=\"https:\/\/www.orgchartpro.com\/solutions\/workforce-planning\/#_self\">Personalplanung<\/a>.<\/h2>\n<p><img decoding=\"async\" class=\"size-medium wp-image-12360 alignright\" src=\"https:\/\/www.orgchartpro.com\/wp-content\/uploads\/performance-tenure-300x268.png\" alt=\"OrgChart-Software \u2013 Beispiel\" width=\"300\" height=\"268\" \/><\/p>\n<p>OrgChart Platinum stellt anhand Ihrer HR-Systemdaten oder Ihres Unternehmensverzeichnisses schnell Ihre organisatorischen Diagramme zusammen. Mit Ihren Daten an richtiger Stelle hilft Ihnen OrgChart Platinum mit einer Vielfalt an Personal- und Gesch\u00e4ftsf\u00fchrungsfunktionen, einschlie\u00dflich: Budgetierung, Personaleinsatzplanung, Talentmanagement, <a href=\"https:\/\/www.orgchartpro.com\/solutions\/succession-planning\/#_self\">Nachfolgeplanung<\/a>. OrgChart erzeugt Diagramme in vielf\u00e4ltigen Formaten, die auf einfache Weise innerhalb des Unternehmens oder bestimmter Arbeitsgruppen gemeinsam genutzt werden k\u00f6nnen. OrgChart Platinum ist das optimale Tool zur Visualisierung, \u00dcbermittlung und Verwaltung der wesentlichen Arbeitsbeziehungen der kostbarsten Ressource Ihres Unternehmens \u2013 Ihrer Mitarbeiter.<\/p>\n<ul>\n<li>Wundersch\u00f6ne, professionell anmutende und gut anpassbare Organigramme<\/li>\n<li>Einfache Erstellung und Aktualisierung Ihres Organigramms anhand Ihrer HR-Daten<\/li>\n<li>Zur Personalplanung geh\u00f6rt die Analyse und Modellierung jeder Organisations\u00e4nderungsinitiative<\/li>\n<li>Einfach Online-Freigabe von Organigrammen \u00fcber interaktive PDF oder Microsoft Office<\/li>\n<li>Optimale technische und beratende Unterst\u00fctzung<\/li>\n<\/ul>\n<\/div><div class=\"fusion-sep-clear\"><\/div><div class=\"fusion-separator fusion-full-width-sep\" style=\"margin-left: auto;margin-right: auto;margin-top:10px;margin-bottom:20px;width:100%;\"><\/div><div class=\"fusion-sep-clear\"><\/div><div class=\"fusion-clearfix\"><\/div><\/div><\/div><\/div><\/div><div class=\"fusion-fullwidth fullwidth-box fusion-builder-row-2 nonhundred-percent-fullwidth non-hundred-percent-height-scrolling\" style=\"--awb-border-radius-top-left:0px;--awb-border-radius-top-right:0px;--awb-border-radius-bottom-right:0px;--awb-border-radius-bottom-left:0px;--awb-padding-top:10px;--awb-padding-right:15px;--awb-padding-bottom:10px;--awb-padding-left:15px;--awb-margin-top:10px;--awb-margin-bottom:10px;--awb-flex-wrap:wrap;\" ><div class=\"fusion-builder-row fusion-row\"><div class=\"fusion-layout-column fusion_builder_column fusion-builder-column-1 fusion_builder_column_1_1 1_1 fusion-one-full fusion-column-first fusion-column-last\" style=\"--awb-bg-size:cover;--awb-margin-bottom:0px;\"><div class=\"fusion-column-wrapper fusion-flex-column-wrapper-legacy\"><div class=\"fusion-text fusion-text-2\"><h2 style=\"text-align: left;\">Perfekt f\u00fcr Organisationen jeder Art<\/h2>\n<p><img decoding=\"async\" class=\"wp-image-17795 alignright\" src=\"https:\/\/www.orgchartpro.com\/wp-content\/uploads\/NormalDottedMgrs-300x127.png\" alt=\"Organigramm (zeigt einen Mitarbeiter mit einem formellen Vorgesetzten und einem Vorgesetzten mit gepunkteter Linie)\" width=\"400\" height=\"170\" \/><\/p>\n<p>OrgChart Platinum unterst\u00fctzt hierarchische Orga-Strukturen und spezielle Rollen, wie beispielsweise administrative Assistenten. Einblenden von Platzhalterrollen f\u00fcr Planstellen. Sie k\u00f6nnen auch Ihre Mitarbeiter nach Abteilung und B\u00fcrostandort organisieren.<\/p>\n<h2>Funktions\u00fcbergreifendes Organigramm<\/h2>\n<p>Organisieren Sie Teams nach Produkten, Projekten oder Kundensegmenten. Verwenden Sie benutzerdefinierte Gebiete zum Hinzuf\u00fcgen zus\u00e4tzlicher Daten zu Ihrem Organigramm, wie beispielsweise Ziele, Qualifikation oder Leistung. OrgChart Platinum unterst\u00fctzt Matrix-Organigramme und Berichterstellung mit gepunkteten Linien.<\/p>\n<\/div><div class=\"fusion-sep-clear\"><\/div><div class=\"fusion-separator fusion-full-width-sep\" style=\"margin-left: auto;margin-right: auto;margin-top:10px;margin-bottom:20px;width:100%;\"><\/div><div class=\"fusion-sep-clear\"><\/div><div class=\"fusion-clearfix\"><\/div><\/div><\/div><\/div><\/div><div class=\"fusion-fullwidth fullwidth-box fusion-builder-row-3 nonhundred-percent-fullwidth non-hundred-percent-height-scrolling\" style=\"--awb-border-radius-top-left:0px;--awb-border-radius-top-right:0px;--awb-border-radius-bottom-right:0px;--awb-border-radius-bottom-left:0px;--awb-padding-top:10px;--awb-padding-right:15px;--awb-padding-bottom:10px;--awb-padding-left:15px;--awb-margin-top:10px;--awb-margin-bottom:10px;--awb-background-color:#f6f6f6;--awb-flex-wrap:wrap;\" ><div class=\"fusion-builder-row fusion-row\"><div class=\"fusion-layout-column fusion_builder_column fusion-builder-column-2 fusion_builder_column_1_1 1_1 fusion-one-full fusion-column-first fusion-column-last\" style=\"--awb-bg-size:cover;--awb-margin-bottom:0px;\"><div class=\"fusion-column-wrapper fusion-flex-column-wrapper-legacy\"><div class=\"fusion-text fusion-text-3\"><h2>Planen Sie f\u00fcr die Zukunft<\/h2>\n<p>OrgChart Platinum ist ein dynamisches Personalplanungstool zum Modellieren der Auswirkungen von \u00c4nderungen an der Organisation \u2013 sei es durch Vergr\u00f6\u00dferung, eine Reihe von Mergern und \u00dcbernahmen oder einfach organisches Wachstum. Sie k\u00f6nnen mehrere organisatorische Reorganisations- oder Merger-Szenarien erstellen &#8211; OrgChart hilft Ihnen dabei, die zu erwartenden Auswirkungen dieser \u00c4nderungen auf Geh\u00e4lter, Kontrollspanne, Budgets und sonstige wesentliche Metriken, die Sie nachverfolgen, zu visualisieren und zu vergleichen. Au\u00dferdem k\u00f6nnen Sie Talentmanagement anwenden, offene Posten modellieren und zusehen, welchen Einfluss diese auf das Unternehmen h\u00e4tten \u2013 mit dem Ziel, F\u00fchrungskr\u00e4ften und Kapitalanlegern bessere Einblicke in die Organisation zu gew\u00e4hren.<\/p>\n<\/div><div class=\"fusion-clearfix\"><\/div><\/div><\/div><\/div><\/div><div class=\"fusion-fullwidth fullwidth-box fusion-builder-row-4 nonhundred-percent-fullwidth non-hundred-percent-height-scrolling\" style=\"--awb-border-radius-top-left:0px;--awb-border-radius-top-right:0px;--awb-border-radius-bottom-right:0px;--awb-border-radius-bottom-left:0px;--awb-padding-top:10px;--awb-padding-right:15px;--awb-padding-bottom:10px;--awb-padding-left:15px;--awb-margin-top:10px;--awb-margin-bottom:10px;--awb-flex-wrap:wrap;\" ><div class=\"fusion-builder-row fusion-row\"><div class=\"fusion-layout-column fusion_builder_column fusion-builder-column-3 fusion_builder_column_1_1 1_1 fusion-one-full fusion-column-first fusion-column-last\" style=\"--awb-bg-size:cover;--awb-margin-bottom:0px;\"><div class=\"fusion-column-wrapper fusion-flex-column-wrapper-legacy\"><div class=\"fusion-sep-clear\"><\/div><div class=\"fusion-separator fusion-full-width-sep\" style=\"margin-left: auto;margin-right: auto;margin-top:10px;margin-bottom:20px;width:100%;\"><\/div><div class=\"fusion-sep-clear\"><\/div><div class=\"fusion-text fusion-text-4\"><h2>OrgChart Platinum \u2013 Features:<\/h2>\n<\/div><div class=\"accordian fusion-accordian\" style=\"--awb-border-size:1px;--awb-icon-size:13px;--awb-content-font-size:18px;--awb-icon-alignment:left;--awb-hover-color:#f9f9f9;--awb-border-color:#cccccc;--awb-background-color:#ffffff;--awb-divider-color:#e0dede;--awb-divider-hover-color:#e0dede;--awb-icon-color:#ffffff;--awb-title-color:#e63e25;--awb-content-color:#444444;--awb-icon-box-color:#333333;--awb-toggle-hover-accent-color:#e63e25;--awb-title-font-family:&quot;Open Sans&quot;;--awb-title-font-weight:400;--awb-title-font-style:normal;--awb-title-font-size:16px;--awb-content-font-family:&quot;Open Sans&quot;;--awb-content-font-style:normal;--awb-content-font-weight:400;\"><div class=\"panel-group fusion-toggle-icon-boxed\" id=\"accordion-20352-1\"><div class=\"fusion-panel panel-default panel-6dab13fffe05f96c6 fusion-toggle-has-divider\"><div class=\"panel-heading\"><h4 class=\"panel-title toggle\" id=\"toggle_6dab13fffe05f96c6\"><a aria-expanded=\"false\" aria-controls=\"6dab13fffe05f96c6\" role=\"button\" data-toggle=\"collapse\" data-parent=\"#accordion-20352-1\" data-target=\"#6dab13fffe05f96c6\" href=\"#6dab13fffe05f96c6\"><span class=\"fusion-toggle-icon-wrapper\" aria-hidden=\"true\"><i class=\"fa-fusion-box active-icon awb-icon-minus\" aria-hidden=\"true\"><\/i><i class=\"fa-fusion-box inactive-icon awb-icon-plus\" aria-hidden=\"true\"><\/i><\/span><span class=\"fusion-toggle-heading\">Diagrammerstellung<\/span><\/a><\/h4><\/div><div id=\"6dab13fffe05f96c6\" class=\"panel-collapse collapse \" aria-labelledby=\"toggle_6dab13fffe05f96c6\"><div class=\"panel-body toggle-content fusion-clearfix\">\n<ul>\n<li>Einfache Erstellung professioneller Diagramme f\u00fcr Meetings und Pr\u00e4sentationen<\/li>\n<li>Vorgefertigte Vorlagen<\/li>\n<li>Import aus SAP, Oracle oder SQL-Datenbank, SharePoint und Windows Active Directory<\/li>\n<li>Import und Aktualisierung anhand beliebiger Tabellen<\/li>\n<\/ul>\n<\/div><\/div><\/div><div class=\"fusion-panel panel-default panel-da8456bc901b3f101 fusion-toggle-has-divider\"><div class=\"panel-heading\"><h4 class=\"panel-title toggle\" id=\"toggle_da8456bc901b3f101\"><a aria-expanded=\"false\" aria-controls=\"da8456bc901b3f101\" role=\"button\" data-toggle=\"collapse\" data-parent=\"#accordion-20352-1\" data-target=\"#da8456bc901b3f101\" href=\"#da8456bc901b3f101\"><span class=\"fusion-toggle-icon-wrapper\" aria-hidden=\"true\"><i class=\"fa-fusion-box active-icon awb-icon-minus\" aria-hidden=\"true\"><\/i><i class=\"fa-fusion-box inactive-icon awb-icon-plus\" aria-hidden=\"true\"><\/i><\/span><span class=\"fusion-toggle-heading\">Planung und Analyse<\/span><\/a><\/h4><\/div><div id=\"da8456bc901b3f101\" class=\"panel-collapse collapse \" aria-labelledby=\"toggle_da8456bc901b3f101\"><div class=\"panel-body toggle-content fusion-clearfix\">\n<ul>\n<li>Export von Diagrammdaten nach Excel<\/li>\n<li>Automatisches Hinzuf\u00fcgen, Entfernen oder Neuzuordnen von Mitarbeitern<\/li>\n<li>Visualisieren wesentlicher Leistungskennzahlen von Mitarbeitern<\/li>\n<li>Modellieren und Vergleichen organisatorischer \u00c4nderungsszenarien<\/li>\n<li>Heatmap-Punktmarkierungen und automatisch bedingte Formatierung<\/li>\n<li>\u00dcberwachungsliste aller Personal\u00e4nderungen<\/li>\n<li>Automatisch erzeugte Formulare zur \u00c4nderungsgenehmigung<\/li>\n<li>Assistent f\u00fcr gegen\u00fcberstellende Szenarienplanung und Vergleich<\/li>\n<li>Planungs- und Inszenierungsbereich zur Bewertung von Mitarbeiterzuweisungen<\/li>\n<\/ul>\n<\/div><\/div><\/div><div class=\"fusion-panel panel-default panel-34fe2315d4b53c341 fusion-toggle-has-divider\"><div class=\"panel-heading\"><h4 class=\"panel-title toggle\" id=\"toggle_34fe2315d4b53c341\"><a aria-expanded=\"false\" aria-controls=\"34fe2315d4b53c341\" role=\"button\" data-toggle=\"collapse\" data-parent=\"#accordion-20352-1\" data-target=\"#34fe2315d4b53c341\" href=\"#34fe2315d4b53c341\"><span class=\"fusion-toggle-icon-wrapper\" aria-hidden=\"true\"><i class=\"fa-fusion-box active-icon awb-icon-minus\" aria-hidden=\"true\"><\/i><i class=\"fa-fusion-box inactive-icon awb-icon-plus\" aria-hidden=\"true\"><\/i><\/span><span class=\"fusion-toggle-heading\">Formatierung und Anpassung<\/span><\/a><\/h4><\/div><div id=\"34fe2315d4b53c341\" class=\"panel-collapse collapse \" aria-labelledby=\"toggle_34fe2315d4b53c341\"><div class=\"panel-body toggle-content fusion-clearfix\">\n<ul>\n<li>Profivorlagen und Musterdiagramme<\/li>\n<li>Automatische Formatierung nach Bildschirm- oder Druckgr\u00f6\u00dfe<\/li>\n<li>Intelligente Feldformatierung<\/li>\n<li>Erstellung gepunkteter Linien<\/li>\n<li>Erstellung von Teamdiagrammen im Matrix-Stil<\/li>\n<\/ul>\n<\/div><\/div><\/div><div class=\"fusion-panel panel-default panel-a34d63de370f45d7d fusion-toggle-has-divider\"><div class=\"panel-heading\"><h4 class=\"panel-title toggle\" id=\"toggle_a34d63de370f45d7d\"><a aria-expanded=\"false\" aria-controls=\"a34d63de370f45d7d\" role=\"button\" data-toggle=\"collapse\" data-parent=\"#accordion-20352-1\" data-target=\"#a34d63de370f45d7d\" href=\"#a34d63de370f45d7d\"><span class=\"fusion-toggle-icon-wrapper\" aria-hidden=\"true\"><i class=\"fa-fusion-box active-icon awb-icon-minus\" aria-hidden=\"true\"><\/i><i class=\"fa-fusion-box inactive-icon awb-icon-plus\" aria-hidden=\"true\"><\/i><\/span><span class=\"fusion-toggle-heading\">Ansicht f\u00fcr Druck und Verlagswesen<\/span><\/a><\/h4><\/div><div id=\"a34d63de370f45d7d\" class=\"panel-collapse collapse \" aria-labelledby=\"toggle_a34d63de370f45d7d\"><div class=\"panel-body toggle-content fusion-clearfix\">\n<ul>\n<li>Mehrfachbildschirm-F\u00e4higkeit<\/li>\n<li>Druckvorschau-F\u00e4higkeiten<\/li>\n<li>Ver\u00f6ffentlichen von Diagrammen aus: Word, PowerPoint und WebPublish in SharePoint, Office 365 OneDrive, Igloo und Dropbox<\/li>\n<li>Sortierung von Diagrammfeldern nach beliebigen Datenfeldern<\/li>\n<li>Ver\u00f6ffentlichen von Diagrammen in PDF<\/li>\n<li>Professioneller Look durch Anpassung in PDF: Bearbeiten, kommentieren, sichern, signieren<\/li>\n<\/ul>\n<\/div><\/div><\/div><div class=\"fusion-panel panel-default panel-fb1461d1877e8f0cc fusion-toggle-has-divider\"><div class=\"panel-heading\"><h4 class=\"panel-title toggle\" id=\"toggle_fb1461d1877e8f0cc\"><a aria-expanded=\"false\" aria-controls=\"fb1461d1877e8f0cc\" role=\"button\" data-toggle=\"collapse\" data-parent=\"#accordion-20352-1\" data-target=\"#fb1461d1877e8f0cc\" href=\"#fb1461d1877e8f0cc\"><span class=\"fusion-toggle-icon-wrapper\" aria-hidden=\"true\"><i class=\"fa-fusion-box active-icon awb-icon-minus\" aria-hidden=\"true\"><\/i><i class=\"fa-fusion-box inactive-icon awb-icon-plus\" aria-hidden=\"true\"><\/i><\/span><span class=\"fusion-toggle-heading\">Automatisierung und Berichterstellung<\/span><\/a><\/h4><\/div><div id=\"fb1461d1877e8f0cc\" class=\"panel-collapse collapse \" aria-labelledby=\"toggle_fb1461d1877e8f0cc\"><div class=\"panel-body toggle-content fusion-clearfix\">\n<ul>\n<li>Datenimport f\u00fcr Daten\u00e4nderung und -sortierung<\/li>\n<li>Dynamischer Berichtsassistent f\u00fcr ausf\u00fchrliche Berichterstellung<\/li>\n<li>Topaktuelle Diagramme durch Datensynchronisationsplanung<\/li>\n<li>Datenbereinigung und Reparaturdiagnose<\/li>\n<\/ul>\n<\/div><\/div><\/div><\/div><\/div><div class=\"fusion-sep-clear\"><\/div><div class=\"fusion-separator fusion-full-width-sep\" style=\"margin-left: auto;margin-right: auto;margin-top:10px;width:100%;\"><\/div><div class=\"fusion-sep-clear\"><\/div><div class=\"fusion-clearfix\"><\/div><\/div><\/div><\/div><\/div><\/p>\n","protected":false},"excerpt":{"rendered":"","protected":false},"author":268,"featured_media":0,"parent":0,"menu_order":0,"comment_status":"closed","ping_status":"closed","template":"","meta":{"footnotes":""},"class_list":["post-20352","page","type-page","status-publish","hentry"],"yoast_head":"<!-- This site is optimized with the Yoast SEO Premium plugin v15.8.2 - https:\/\/yoast.com\/wordpress\/plugins\/seo\/ -->\n<title>OrgChart Platinum \u2013 \u00dcbersicht - OrgChart - Germany<\/title>\n<meta name=\"robots\" content=\"index, follow, max-snippet:-1, max-image-preview:large, max-video-preview:-1\" \/>\n<link rel=\"canonical\" href=\"https:\/\/orgchartpro.de\/de\/orgchart-platinum-overview\/\" \/>\n<meta property=\"og:locale\" content=\"de_DE\" \/>\n<meta property=\"og:type\" content=\"article\" \/>\n<meta property=\"og:title\" content=\"OrgChart Platinum \u2013 \u00dcbersicht - OrgChart - Germany\" \/>\n<meta property=\"og:url\" content=\"https:\/\/orgchartpro.de\/de\/orgchart-platinum-overview\/\" \/>\n<meta property=\"og:site_name\" content=\"OrgChart - Germany\" \/>\n<meta property=\"article:publisher\" content=\"https:\/\/www.facebook.com\/OrganizationalChartingSoftware\" \/>\n<meta property=\"article:modified_time\" content=\"2019-05-24T02:39:15+00:00\" \/>\n<meta property=\"og:image\" content=\"https:\/\/www.orgchartpro.com\/wp-content\/uploads\/performance-tenure-300x268.png\" \/>\n<meta name=\"twitter:card\" content=\"summary\" \/>\n<meta name=\"twitter:site\" content=\"@orgchartpro\" \/>\n<meta name=\"twitter:label1\" content=\"Gesch\u00e4tzte Lesezeit\">\n\t<meta name=\"twitter:data1\" content=\"7\u00a0Minuten\">\n<script type=\"application\/ld+json\" class=\"yoast-schema-graph\">{\"@context\":\"https:\/\/schema.org\",\"@graph\":[{\"@type\":\"Organization\",\"@id\":\"https:\/\/orgchartpro.de\/de\/#organization\",\"name\":\"OrgChart Pro\",\"url\":\"https:\/\/orgchartpro.de\/de\/\",\"sameAs\":[\"https:\/\/www.facebook.com\/OrganizationalChartingSoftware\",\"https:\/\/www.linkedin.com\/company\/806102\",\"https:\/\/www.youtube.com\/user\/OrgChartProfessional\",\"https:\/\/twitter.com\/orgchartpro\"],\"logo\":{\"@type\":\"ImageObject\",\"@id\":\"https:\/\/orgchartpro.de\/de\/#logo\",\"inLanguage\":\"de\",\"url\":\"https:\/\/orgchartpro.de\/wp-content\/uploads\/orgchartpro-logo-55h.png\",\"width\":140,\"height\":55,\"caption\":\"OrgChart Pro\"},\"image\":{\"@id\":\"https:\/\/orgchartpro.de\/de\/#logo\"}},{\"@type\":\"WebSite\",\"@id\":\"https:\/\/orgchartpro.de\/de\/#website\",\"url\":\"https:\/\/orgchartpro.de\/de\/\",\"name\":\"OrgChart - Germany\",\"description\":\"The Better Way To Chart Your Organisation\",\"publisher\":{\"@id\":\"https:\/\/orgchartpro.de\/de\/#organization\"},\"potentialAction\":[{\"@type\":\"SearchAction\",\"target\":\"https:\/\/orgchartpro.de\/de\/?s={search_term_string}\",\"query-input\":\"required name=search_term_string\"}],\"inLanguage\":\"de\"},{\"@type\":\"ImageObject\",\"@id\":\"https:\/\/orgchartpro.de\/de\/orgchart-platinum-overview\/#primaryimage\",\"inLanguage\":\"de\",\"url\":\"https:\/\/www.orgchartpro.com\/wp-content\/uploads\/performance-tenure-300x268.png\"},{\"@type\":\"WebPage\",\"@id\":\"https:\/\/orgchartpro.de\/de\/orgchart-platinum-overview\/#webpage\",\"url\":\"https:\/\/orgchartpro.de\/de\/orgchart-platinum-overview\/\",\"name\":\"OrgChart Platinum \\u2013 \\u00dcbersicht - OrgChart - Germany\",\"isPartOf\":{\"@id\":\"https:\/\/orgchartpro.de\/de\/#website\"},\"primaryImageOfPage\":{\"@id\":\"https:\/\/orgchartpro.de\/de\/orgchart-platinum-overview\/#primaryimage\"},\"datePublished\":\"2017-11-30T19:02:53+00:00\",\"dateModified\":\"2019-05-24T02:39:15+00:00\",\"breadcrumb\":{\"@id\":\"https:\/\/orgchartpro.de\/de\/orgchart-platinum-overview\/#breadcrumb\"},\"inLanguage\":\"de\",\"potentialAction\":[{\"@type\":\"ReadAction\",\"target\":[\"https:\/\/orgchartpro.de\/de\/orgchart-platinum-overview\/\"]}]},{\"@type\":\"BreadcrumbList\",\"@id\":\"https:\/\/orgchartpro.de\/de\/orgchart-platinum-overview\/#breadcrumb\",\"itemListElement\":[{\"@type\":\"ListItem\",\"position\":1,\"item\":{\"@type\":\"WebPage\",\"@id\":\"https:\/\/orgchartpro.de\/de\/\",\"url\":\"https:\/\/orgchartpro.de\/de\/\",\"name\":\"Home\"}},{\"@type\":\"ListItem\",\"position\":2,\"item\":{\"@type\":\"WebPage\",\"@id\":\"https:\/\/orgchartpro.de\/de\/orgchart-platinum-overview\/\",\"url\":\"https:\/\/orgchartpro.de\/de\/orgchart-platinum-overview\/\",\"name\":\"OrgChart Platinum \\u2013 \\u00dcbersicht\"}}]}]}<\/script>\n<!-- \/ Yoast SEO Premium plugin. -->","_links":{"self":[{"href":"https:\/\/orgchartpro.de\/de\/wp-json\/wp\/v2\/pages\/20352","targetHints":{"allow":["GET"]}}],"collection":[{"href":"https:\/\/orgchartpro.de\/de\/wp-json\/wp\/v2\/pages"}],"about":[{"href":"https:\/\/orgchartpro.de\/de\/wp-json\/wp\/v2\/types\/page"}],"author":[{"embeddable":true,"href":"https:\/\/orgchartpro.de\/de\/wp-json\/wp\/v2\/users\/268"}],"replies":[{"embeddable":true,"href":"https:\/\/orgchartpro.de\/de\/wp-json\/wp\/v2\/comments?post=20352"}],"version-history":[{"count":5,"href":"https:\/\/orgchartpro.de\/de\/wp-json\/wp\/v2\/pages\/20352\/revisions"}],"predecessor-version":[{"id":28376,"href":"https:\/\/orgchartpro.de\/de\/wp-json\/wp\/v2\/pages\/20352\/revisions\/28376"}],"wp:attachment":[{"href":"https:\/\/orgchartpro.de\/de\/wp-json\/wp\/v2\/media?parent=20352"}],"curies":[{"name":"wp","href":"https:\/\/api.w.org\/{rel}","templated":true}]}}