{"id":20478,"date":"2017-12-19T17:07:18","date_gmt":"2017-12-19T17:07:18","guid":{"rendered":"https:\/\/orgchartpro.de\/orgchart-platinum\/"},"modified":"2018-01-19T13:26:19","modified_gmt":"2018-01-19T13:26:19","slug":"orgchart-platinum","status":"publish","type":"page","link":"https:\/\/orgchartpro.de\/de\/organigramm-software\/orgchart-platinum\/","title":{"rendered":"OrgChart Platinum"},"content":{"rendered":"<p><div class=\"fusion-fullwidth fullwidth-box fusion-builder-row-1 hundred-percent-fullwidth non-hundred-percent-height-scrolling\" style=\"--awb-border-radius-top-left:0px;--awb-border-radius-top-right:0px;--awb-border-radius-bottom-right:0px;--awb-border-radius-bottom-left:0px;--awb-overflow:visible;--awb-flex-wrap:wrap;\" ><div class=\"fusion-builder-row fusion-row\"><div class=\"fusion-layout-column fusion_builder_column fusion-builder-column-0 fusion_builder_column_1_1 1_1 fusion-one-full fusion-column-first fusion-column-last fusion-column-no-min-height\" style=\"--awb-bg-size:cover;--awb-margin-bottom:0px;\"><div class=\"fusion-column-wrapper fusion-flex-column-wrapper-legacy\"><div class=\"fusion-text fusion-text-1\"><h2>Mit OrgChart Platinum verwirklichen Sie eine intelligente Organigrammerstellung und Personalplanung.<\/h2>\n<p><img decoding=\"async\" class=\"alignright size-full wp-image-4360\" src=\"\/wp-content\/uploads\/orgchart-professional-21.png\" alt=\"OrgChart Platinum \" width=\"495\" height=\"319\" srcset=\"https:\/\/orgchartpro.de\/wp-content\/uploads\/orgchart-professional-21-300x193.png 300w, https:\/\/orgchartpro.de\/wp-content\/uploads\/orgchart-professional-21-460x295.png 460w, https:\/\/orgchartpro.de\/wp-content\/uploads\/orgchart-professional-21.png 495w\" sizes=\"(max-width: 495px) 100vw, 495px\" \/><strong>OrgChart Platinum <\/strong> kann rasch Organigramme anhand Ihrer HR-Daten oder Ihres Firmenverzeichnisses zusammenstellen. OrgChart Platinum k\u00f6nnen Sie f\u00fcr Ihre Budget-, Belegschafts- und Nachfolgeplanung verwenden. Ihre Organigramme k\u00f6nnen innerhalb des Unternehmens m\u00fchelos gemeinsam genutzt werden. OrgChart Platinum ist das optimale Tool f\u00fcr die Visualisierung, \u00dcbermittlung und Verwaltung der zentralen Arbeitsbeziehungen Ihrer Mitarbeiter, die f\u00fcr Ihr Unternehmen die kostbarste Ressource darstellen.<\/p>\n<ul>\n<li style=\"list-style-type: none\">\n<ul>\n<li><strong>Einfache Erstellung und Ver\u00f6ffentlichung von Diagrammen. <\/strong>Sie k\u00f6nnen Daten aus einer Tabelle oder irgendeinem Lohnabrechnungssystem oder HR-Informationssystem entnehmen und damit automatisch Diagramme erstellen. \u00a0Diese k\u00f6nnen Sie interaktiv als PDF, im Web oder in Microsoft Office ver\u00f6ffentlichen.<\/li>\n<li><strong>Informationen zu kritischen Talenten anzeigen.<\/strong> Sie k\u00f6nnen sich jedes Mitarbeiterattribut anzeigen lassen (z.\u00a0B. Leistungsbewertungen, potenzielle Nachfolger f\u00fcr Schl\u00fcsselrollen usw.). Sie k\u00f6nnen bestimmte Eigenschaften Ihrer Mitarbeiter (z.\u00a0B. starke Potenziale) farblich kennzeichnen und dann das umfassende Talentprofil eines jeden Mitarbeiters mit einem Klick abrufen.<\/li>\n<li><strong>Talentl\u00fccken anzeigen.<\/strong> Sie k\u00f6nnen Bereiche des Unternehmens herausstellen, denen es an kritischen Kompetenzen fehlt, sowie Kandidaten f\u00fcr Schl\u00fcsselrollen, k\u00fcnftige Nachfolger oder potenziell \u201egef\u00e4hrdete\u201c Mitarbeitergruppen.<\/li>\n<li><strong>Export in mehrere Dateiformate.<\/strong>\u00a0 Exportieren Sie Ihr Organigramm in PDF, PowerPoint und ins Web f\u00fcr Pr\u00e4sentationen des Vorstands oder f\u00fcr die weitere Planung und Analyse.<\/li>\n<\/ul>\n<\/li>\n<\/ul>\n<p><img decoding=\"async\" class=\"alignright size-full wp-image-4364\" style=\"margin-top: 20px\" src=\"\/wp-content\/uploads\/orgchart-professional-22.png\" alt=\"OrgChart Platinum \" width=\"500\" srcset=\"https:\/\/orgchartpro.de\/wp-content\/uploads\/orgchart-professional-22-300x196.png 300w, https:\/\/orgchartpro.de\/wp-content\/uploads\/orgchart-professional-22.png 600w\" sizes=\"(max-width: 600px) 100vw, 600px\" \/><\/p>\n<ul>\n<li><strong>Promoaktionsszenarien modellieren.<\/strong>\u00a0 Sie k\u00f6nnen die resultierende Struktur innerhalb verschiedener Funktionen bestimmen, wenn bestimmte Mitarbeiter bef\u00f6rdert oder in eine andere Abteilung versetzt werden.<\/li>\n<li><strong>HR-Daten optimieren. <\/strong>Vielleicht stimmen Ihre HR-Daten noch nicht ganz? \u00a0Sie sollten sich nicht damit abfinden, wenn Sie mangels akkurater Informationen nur d\u00fcrftige Organigramme und keinen Einblick in Ihr Unternehmen erhalten. Unsere propriet\u00e4re Datenimporttechnologie ist in der Branche f\u00fchrend. Jetzt haben Sie die M\u00f6glichkeit, Ihre HR-Daten bequem zu <em>\u201ebereinigen\u201c<\/em> und zu importieren.<\/li>\n<li><strong>Flexibilit\u00e4t bei der Pr\u00e4sentation<\/strong>. Mit OrgChart k\u00f6nnen Sie Ihre eigenen Regeln definieren und implementieren und so Ihr eigenes Look&amp;Feel f\u00fcr Ihre Diagramme erstellen.<\/li>\n<li><strong>Szenarienplanung.\u00a0<\/strong>Sie erhalten Einblick in Ihr Unternehmen. Sie k\u00f6nnen wichtige Metriken \u00fcberwachen, Ihr Unternehmen visuell darstellen und Ihre Personalplanungsszenarien automatisieren. Mit der HR Analytic-Engine in OrgChart Platinum bew\u00e4ltigen Sie auch komplexe Angelegenheiten des Mitarbeiterstabs. OrgChart gibt Ihnen die M\u00f6glichkeit, Ihr Unternehmen und dessen wichtige Metriken zu planen, zu visualisieren und zu \u00fcberwachen.<\/li>\n<li><strong>Pr\u00e4zise kommunizieren<\/strong> Ob Sie eine Pr\u00e4sentation beim Vorstand, bei Ihrem Managementteam, Ihren Vorgesetzten oder Mitarbeitern vorf\u00fchren: OrgChart hilft Ihnen dabei, das Unternehmen so zu pr\u00e4sentieren, wie Andere es sehen sollen.<\/li>\n<\/ul>\n<p><img decoding=\"async\" class=\"alignright size-full wp-image-4362\" src=\"\/wp-content\/uploads\/orgchart-professional-auto-import-data.png\" alt=\"OrgChart Platinum \" width=\"250\" height=\"250\" srcset=\"https:\/\/orgchartpro.de\/wp-content\/uploads\/orgchart-professional-auto-import-data-66x66.png 66w, https:\/\/orgchartpro.de\/wp-content\/uploads\/orgchart-professional-auto-import-data-150x150.png 150w, https:\/\/orgchartpro.de\/wp-content\/uploads\/orgchart-professional-auto-import-data.png 250w\" sizes=\"(max-width: 250px) 100vw, 250px\" \/><\/p>\n<ul>\n<li><strong>Manuell oder automatisch.\u00a0 Sie entscheiden.<\/strong>\u00a0 OrgChart Platinum bietet Ihnen verschiedene M\u00f6glichkeiten.\u00a0 Sie k\u00f6nnen Ihr Organigramm manuell erstellen, indem Sie Felder auf die Arbeitsfl\u00e4che ziehen und ablegen, oder &#8230; Sie importieren Daten aus Ihrem Lohnabrechnungssystem, Ihrer HR-Datenbank oder irgendeiner Tabelle.\u00a0 Klingt kompliziert, oder?\u00a0 Ist es aber nicht: Unser Import-Assistent macht es Ihnen ganz leicht.<\/li>\n<li><strong>Einfache Navigation und Anzeige.<\/strong> Innerhalb des Unternehmens sowie zwischen den Gesch\u00e4ftsbereichen k\u00f6nnen Sie alle Ebenen einfach aufgliedern; Sie k\u00f6nnen zwischen Diagramm- und Listenansicht wechseln und erhalten eine rationalisierte Anzeige der Berichtsbeziehungen.<\/li>\n<li><strong>Berechnungen \u00fcber Mitarbeiterzahl, Kontrollspanne und mehr. <\/strong>\u00a0OrgChart Platinum erm\u00f6glicht Berechnungen, anhand derer Sie Ihre Belegschaft mit differenzierteren Informationen \u00fcber Personen, Kosten und Leistung, Geh\u00e4lter und Kontrollspanne anzeigen lassen.<\/li>\n<li><strong>Automatische Updates.<\/strong>\u00a0 Mit der Datensynchronisation werden Organigramme st\u00e4ndig aktualisiert. \u00a0Sie k\u00f6nnen darauf vertrauen, dass jedes von Ihnen freigegebene Diagramm Ihre Datenquelle perfekt wiedergibt.<\/li>\n<\/ul>\n<\/div><div class=\"fusion-sep-clear\"><\/div><div class=\"fusion-separator fusion-full-width-sep\" style=\"margin-left: auto;margin-right: auto;margin-bottom:5px;width:100%;\"><\/div><div class=\"fusion-sep-clear\"><\/div><div class=\"fusion-text fusion-text-2\"><h2>Komplettl\u00f6sung zur Organigrammerstellung<\/h2>\n<p><strong>OrgChart Platinum<\/strong> bietet Ihnen die M\u00f6glichkeit, Ihre Belegschaft mit besseren Einblicken zu verwalten, organisatorische \u00c4nderungen transparenter zu planen und \u00c4nderungsszenarien detailgenau zu modellieren.<\/p>\n<div class=\"fusion-table table-1\">\n<table width=\"100%\">\n<tbody>\n<tr>\n<td><strong>Organisatorische \u00c4nderungen modellieren<\/strong><\/td>\n<td>Sie k\u00f6nnen Modelle erstellen, die potenzielle \u00c4nderungen darstellen, und diese Szenarien vergleichen, um die besten Optionen f\u00fcr Ihr Unternehmen zu bestimmen.<\/td>\n<\/tr>\n<tr>\n<td><strong>Auswirkungen sofort visualisieren<\/strong><\/td>\n<td>Mit der bedingten Formatierung k\u00f6nnen Sie Datenbedingungen wie beispielsweise Standort, Gehaltsstufe und Kontrollspanne ausw\u00e4hlen und anpassen und sofort den Einfluss dieser \u00c4nderungen auf Ihr Unternehmen sehen.<\/td>\n<\/tr>\n<tr>\n<td><strong>Mitarbeiterprofile in Einzelansicht<\/strong><\/td>\n<td>Sie k\u00f6nnen sich wichtige Metriken \u00fcber einen Mitarbeiter, wie z.\u00a0B. Leistung, K\u00fcndigungsrisiko und Kompetenzen, in einer 9-Feld-Anzeige \u201eauf einen Blick\u201c anzeigen lassen.<\/td>\n<\/tr>\n<tr>\n<td><strong>Automatische Datensynchronisation<\/strong><\/td>\n<td>Haken Sie wiederkehrende Aufgaben in Ihrer Liste ab. Mit OrgChart Platinum k\u00f6nnen Sie Daten automatisch so synchronisieren, wie sie am besten zu Ihrem Zeitplan passen.<\/td>\n<\/tr>\n<tr>\n<td><strong>Sichere Zusammenarbeit<\/strong><\/td>\n<td>Die direkte Integration erm\u00f6glicht Ihnen die Zusammenarbeit, ohne sich Sorgen \u00fcber eine unsichere gemeinsam genutzte Plattform machen zu m\u00fcssen.<\/td>\n<\/tr>\n<tr>\n<td><strong>Erweiterte Publishing-F\u00e4higkeiten<\/strong><\/td>\n<td>Sie k\u00f6nnen Ihre Diagramme auf vielerlei Arten ver\u00f6ffentlichen \u2013 SharePoint, OneDrive, Dropbox, PDF und HTML f\u00fcr das Web oder Intranet.<\/td>\n<\/tr>\n<\/tbody>\n<\/table>\n<\/div>\n<\/div><div class=\"fusion-clearfix\"><\/div><\/div><\/div><\/div><\/div><div class=\"fusion-fullwidth fullwidth-box fusion-builder-row-2 nonhundred-percent-fullwidth non-hundred-percent-height-scrolling\" style=\"--awb-background-position:left top;--awb-border-radius-top-left:0px;--awb-border-radius-top-right:0px;--awb-border-radius-bottom-right:0px;--awb-border-radius-bottom-left:0px;--awb-padding-top:30px;--awb-padding-right:0px;--awb-padding-bottom:10px;--awb-padding-left:0px;--awb-background-color:#fff;--awb-border-sizes-top:0px;--awb-border-sizes-bottom:0px;--awb-flex-wrap:wrap;\" ><div class=\"fusion-builder-row fusion-row\"><div class=\"fusion-layout-column fusion_builder_column fusion-builder-column-1 fusion_builder_column_1_1 1_1 fusion-one-full fusion-column-first fusion-column-last fusion-column-no-min-height\" style=\"--awb-bg-size:cover;--awb-margin-bottom:0px;\"><div class=\"fusion-column-wrapper fusion-flex-column-wrapper-legacy\"><div class=\"fusion-title title fusion-title-1 fusion-title-text fusion-title-size-three\" style=\"--awb-margin-top-small:0px;--awb-margin-right-small:0px;--awb-margin-bottom-small:20px;--awb-margin-left-small:0px;\"><h3 class=\"fusion-title-heading title-heading-left fusion-responsive-typography-calculated\" style=\"margin:0;--fontSize:22;--minFontSize:22;line-height:1.3;\">Uns vertrauen \u00fcber 8.000 Unternehmen weltweit, darunter:<\/h3><span class=\"awb-title-spacer\"><\/span><div class=\"title-sep-container\"><div class=\"title-sep sep-single sep-solid\" style=\"border-color:#e0dede;\"><\/div><\/div><\/div><div class=\"fusion-clearfix\"><\/div><\/div><\/div><div class=\"fusion-layout-column fusion_builder_column fusion-builder-column-2 fusion_builder_column_1_5 1_5 fusion-one-fifth fusion-column-first\" style=\"--awb-bg-size:cover;width:16.8%; margin-right: 4%;\"><div class=\"fusion-column-wrapper fusion-flex-column-wrapper-legacy\"><div class=\"fusion-text fusion-text-3\"><p><img decoding=\"async\" class=\"alignnone size-medium wp-image-9908 aligncenter\" src=\"http:\/\/orgchartpro.de\/wp-content\/uploads\/spon-grey-523-hyundai-300x59.png\" alt=\"spon-grey-523-hyundai\" width=\"300\" height=\"59\" srcset=\"https:\/\/orgchartpro.de\/wp-content\/uploads\/spon-grey-523-hyundai-300x59.png 300w, https:\/\/orgchartpro.de\/wp-content\/uploads\/spon-grey-523-hyundai.png 347w\" sizes=\"(max-width: 300px) 100vw, 300px\" \/><\/p>\n<\/div><div class=\"fusion-clearfix\"><\/div><\/div><\/div><div class=\"fusion-layout-column fusion_builder_column fusion-builder-column-3 fusion_builder_column_1_5 1_5 fusion-one-fifth\" style=\"--awb-bg-size:cover;width:16.8%; margin-right: 4%;\"><div class=\"fusion-column-wrapper fusion-flex-column-wrapper-legacy\"><div class=\"fusion-text fusion-text-4\"><p><img decoding=\"async\" class=\"alignnone size-full wp-image-9910 aligncenter\" src=\"http:\/\/orgchartpro.de\/wp-content\/uploads\/spon-grey-323-voda.png\" alt=\"spon-grey-323-voda\" width=\"221\" height=\"69\" srcset=\"https:\/\/orgchartpro.de\/wp-content\/uploads\/spon-grey-323-voda-220x69.png 220w, https:\/\/orgchartpro.de\/wp-content\/uploads\/spon-grey-323-voda.png 221w\" sizes=\"(max-width: 221px) 100vw, 221px\" \/><\/p>\n<\/div><div class=\"fusion-clearfix\"><\/div><\/div><\/div><div class=\"fusion-layout-column fusion_builder_column fusion-builder-column-4 fusion_builder_column_1_5 1_5 fusion-one-fifth\" style=\"--awb-bg-size:cover;width:16.8%; margin-right: 4%;\"><div class=\"fusion-column-wrapper fusion-flex-column-wrapper-legacy\"><div class=\"fusion-text fusion-text-5\"><p><img decoding=\"async\" class=\"alignnone size-full wp-image-25 aligncenter\" src=\"http:\/\/orgchartpro.de\/wp-content\/uploads\/spon-grey-421.png\" alt=\"spon-grey-421\" width=\"141\" height=\"69\" \/><\/p>\n<\/div><div class=\"fusion-clearfix\"><\/div><\/div><\/div><div class=\"fusion-layout-column fusion_builder_column fusion-builder-column-5 fusion_builder_column_1_5 1_5 fusion-one-fifth\" style=\"--awb-bg-size:cover;width:16.8%; margin-right: 4%;\"><div class=\"fusion-column-wrapper fusion-flex-column-wrapper-legacy\"><div class=\"fusion-text fusion-text-6\"><p><img decoding=\"async\" class=\"alignnone size-full wp-image-9909 aligncenter\" src=\"http:\/\/orgchartpro.de\/wp-content\/uploads\/spon-grey-423-staples.png\" alt=\"spon-grey-423-staples\" width=\"138\" height=\"69\" \/><\/p>\n<\/div><div class=\"fusion-clearfix\"><\/div><\/div><\/div><div class=\"fusion-layout-column fusion_builder_column fusion-builder-column-6 fusion_builder_column_1_5 1_5 fusion-one-fifth fusion-column-last\" style=\"--awb-bg-size:cover;width:16.8%;\"><div class=\"fusion-column-wrapper fusion-flex-column-wrapper-legacy\"><div class=\"fusion-text fusion-text-7\"><p><img decoding=\"async\" class=\"alignnone size-medium wp-image-9911 aligncenter\" src=\"http:\/\/orgchartpro.de\/wp-content\/uploads\/spon-grey-223-loreal-300x54.png\" alt=\"spon-grey-223-loreal\" width=\"300\" height=\"54\" srcset=\"https:\/\/orgchartpro.de\/wp-content\/uploads\/spon-grey-223-loreal-300x54.png 300w, https:\/\/orgchartpro.de\/wp-content\/uploads\/spon-grey-223-loreal.png 386w\" sizes=\"(max-width: 300px) 100vw, 300px\" \/><\/p>\n<\/div><div class=\"fusion-clearfix\"><\/div><\/div><\/div><\/div><\/div><\/p>\n","protected":false},"excerpt":{"rendered":"","protected":false},"author":2,"featured_media":0,"parent":20491,"menu_order":0,"comment_status":"closed","ping_status":"closed","template":"","meta":{"footnotes":""},"class_list":["post-20478","page","type-page","status-publish","hentry"],"yoast_head":"<!-- This site is optimized with the Yoast SEO Premium plugin v15.8.2 - https:\/\/yoast.com\/wordpress\/plugins\/seo\/ -->\n<title>OrgChart Platinum, Org Chart, Workforce Planning<\/title>\n<meta name=\"description\" content=\"OrgChart Platinum ist die Premium-L\u00f6sung f\u00fcr Organigramm-Software und Talentvisualisierung. Einfache Automatisierung und Verwaltung von Organigrammen und Personalplanungsszenarien.\" \/>\n<meta name=\"robots\" content=\"index, follow, max-snippet:-1, max-image-preview:large, max-video-preview:-1\" \/>\n<link rel=\"canonical\" href=\"https:\/\/orgchartpro.de\/de\/organigramm-software\/orgchart-platinum\/\" \/>\n<meta property=\"og:locale\" content=\"de_DE\" \/>\n<meta property=\"og:type\" content=\"article\" \/>\n<meta property=\"og:title\" content=\"OrgChart Platinum, Org Chart, Workforce Planning\" \/>\n<meta property=\"og:description\" content=\"OrgChart Platinum ist die Premium-L\u00f6sung f\u00fcr Organigramm-Software und Talentvisualisierung. Einfache Automatisierung und Verwaltung von Organigrammen und Personalplanungsszenarien.\" \/>\n<meta property=\"og:url\" content=\"https:\/\/orgchartpro.de\/de\/organigramm-software\/orgchart-platinum\/\" \/>\n<meta property=\"og:site_name\" content=\"OrgChart - Germany\" \/>\n<meta property=\"article:publisher\" content=\"https:\/\/www.facebook.com\/OrganizationalChartingSoftware\" \/>\n<meta property=\"article:modified_time\" content=\"2018-01-19T13:26:19+00:00\" \/>\n<meta property=\"og:image\" content=\"https:\/\/orgchartpro.de\/wp-content\/uploads\/orgchart-professional-21.png\" \/>\n<meta name=\"twitter:card\" content=\"summary\" \/>\n<meta name=\"twitter:site\" content=\"@orgchartpro\" \/>\n<meta name=\"twitter:label1\" content=\"Gesch\u00e4tzte Lesezeit\">\n\t<meta name=\"twitter:data1\" content=\"7\u00a0Minuten\">\n<script type=\"application\/ld+json\" class=\"yoast-schema-graph\">{\"@context\":\"https:\/\/schema.org\",\"@graph\":[{\"@type\":\"Organization\",\"@id\":\"https:\/\/orgchartpro.de\/de\/#organization\",\"name\":\"OrgChart Pro\",\"url\":\"https:\/\/orgchartpro.de\/de\/\",\"sameAs\":[\"https:\/\/www.facebook.com\/OrganizationalChartingSoftware\",\"https:\/\/www.linkedin.com\/company\/806102\",\"https:\/\/www.youtube.com\/user\/OrgChartProfessional\",\"https:\/\/twitter.com\/orgchartpro\"],\"logo\":{\"@type\":\"ImageObject\",\"@id\":\"https:\/\/orgchartpro.de\/de\/#logo\",\"inLanguage\":\"de\",\"url\":\"https:\/\/orgchartpro.de\/wp-content\/uploads\/orgchartpro-logo-55h.png\",\"width\":140,\"height\":55,\"caption\":\"OrgChart Pro\"},\"image\":{\"@id\":\"https:\/\/orgchartpro.de\/de\/#logo\"}},{\"@type\":\"WebSite\",\"@id\":\"https:\/\/orgchartpro.de\/de\/#website\",\"url\":\"https:\/\/orgchartpro.de\/de\/\",\"name\":\"OrgChart - Germany\",\"description\":\"The Better Way To Chart Your Organisation\",\"publisher\":{\"@id\":\"https:\/\/orgchartpro.de\/de\/#organization\"},\"potentialAction\":[{\"@type\":\"SearchAction\",\"target\":\"https:\/\/orgchartpro.de\/de\/?s={search_term_string}\",\"query-input\":\"required name=search_term_string\"}],\"inLanguage\":\"de\"},{\"@type\":\"ImageObject\",\"@id\":\"https:\/\/orgchartpro.de\/de\/organigramm-software\/orgchart-platinum\/#primaryimage\",\"inLanguage\":\"de\",\"url\":\"\/wp-content\/uploads\/orgchart-professional-21.png\"},{\"@type\":\"WebPage\",\"@id\":\"https:\/\/orgchartpro.de\/de\/organigramm-software\/orgchart-platinum\/#webpage\",\"url\":\"https:\/\/orgchartpro.de\/de\/organigramm-software\/orgchart-platinum\/\",\"name\":\"OrgChart Platinum, Org Chart, Workforce Planning\",\"isPartOf\":{\"@id\":\"https:\/\/orgchartpro.de\/de\/#website\"},\"primaryImageOfPage\":{\"@id\":\"https:\/\/orgchartpro.de\/de\/organigramm-software\/orgchart-platinum\/#primaryimage\"},\"datePublished\":\"2017-12-19T17:07:18+00:00\",\"dateModified\":\"2018-01-19T13:26:19+00:00\",\"description\":\"OrgChart Platinum ist die Premium-L\\u00f6sung f\\u00fcr Organigramm-Software und Talentvisualisierung. Einfache Automatisierung und Verwaltung von Organigrammen und Personalplanungsszenarien.\",\"breadcrumb\":{\"@id\":\"https:\/\/orgchartpro.de\/de\/organigramm-software\/orgchart-platinum\/#breadcrumb\"},\"inLanguage\":\"de\",\"potentialAction\":[{\"@type\":\"ReadAction\",\"target\":[\"https:\/\/orgchartpro.de\/de\/organigramm-software\/orgchart-platinum\/\"]}]},{\"@type\":\"BreadcrumbList\",\"@id\":\"https:\/\/orgchartpro.de\/de\/organigramm-software\/orgchart-platinum\/#breadcrumb\",\"itemListElement\":[{\"@type\":\"ListItem\",\"position\":1,\"item\":{\"@type\":\"WebPage\",\"@id\":\"https:\/\/orgchartpro.de\/de\/\",\"url\":\"https:\/\/orgchartpro.de\/de\/\",\"name\":\"Home\"}},{\"@type\":\"ListItem\",\"position\":2,\"item\":{\"@type\":\"WebPage\",\"@id\":\"https:\/\/orgchartpro.de\/de\/organigramm-software\/\",\"url\":\"https:\/\/orgchartpro.de\/de\/organigramm-software\/\",\"name\":\"Organigramm-Software\"}},{\"@type\":\"ListItem\",\"position\":3,\"item\":{\"@type\":\"WebPage\",\"@id\":\"https:\/\/orgchartpro.de\/de\/organigramm-software\/orgchart-platinum\/\",\"url\":\"https:\/\/orgchartpro.de\/de\/organigramm-software\/orgchart-platinum\/\",\"name\":\"OrgChart Platinum\"}}]}]}<\/script>\n<!-- \/ Yoast SEO Premium plugin. -->","_links":{"self":[{"href":"https:\/\/orgchartpro.de\/de\/wp-json\/wp\/v2\/pages\/20478","targetHints":{"allow":["GET"]}}],"collection":[{"href":"https:\/\/orgchartpro.de\/de\/wp-json\/wp\/v2\/pages"}],"about":[{"href":"https:\/\/orgchartpro.de\/de\/wp-json\/wp\/v2\/types\/page"}],"author":[{"embeddable":true,"href":"https:\/\/orgchartpro.de\/de\/wp-json\/wp\/v2\/users\/2"}],"replies":[{"embeddable":true,"href":"https:\/\/orgchartpro.de\/de\/wp-json\/wp\/v2\/comments?post=20478"}],"version-history":[{"count":5,"href":"https:\/\/orgchartpro.de\/de\/wp-json\/wp\/v2\/pages\/20478\/revisions"}],"predecessor-version":[{"id":20693,"href":"https:\/\/orgchartpro.de\/de\/wp-json\/wp\/v2\/pages\/20478\/revisions\/20693"}],"up":[{"embeddable":true,"href":"https:\/\/orgchartpro.de\/de\/wp-json\/wp\/v2\/pages\/20491"}],"wp:attachment":[{"href":"https:\/\/orgchartpro.de\/de\/wp-json\/wp\/v2\/media?parent=20478"}],"curies":[{"name":"wp","href":"https:\/\/api.w.org\/{rel}","templated":true}]}}