{"id":20507,"date":"2017-12-19T17:07:56","date_gmt":"2017-12-19T17:07:56","guid":{"rendered":"https:\/\/orgchartpro.de\/orgchart-software-gratis-testversion\/"},"modified":"2018-01-19T13:27:11","modified_gmt":"2018-01-19T13:27:11","slug":"orgchart-software-gratis-testversion","status":"publish","type":"page","link":"https:\/\/orgchartpro.de\/de\/orgchart-software-gratis-testversion\/","title":{"rendered":"OrgChart Software \u2013 Gratis-Testversion"},"content":{"rendered":"<p><div class=\"fusion-fullwidth fullwidth-box fusion-builder-row-1 nonhundred-percent-fullwidth non-hundred-percent-height-scrolling fusion-equal-height-columns\" style=\"--awb-background-position:left top;--awb-border-color:#ffffff;--awb-border-radius-top-left:0px;--awb-border-radius-top-right:0px;--awb-border-radius-bottom-right:0px;--awb-border-radius-bottom-left:0px;--awb-padding-top:5px;--awb-padding-right:15px;--awb-padding-bottom:0px;--awb-padding-left:15px;--awb-background-color:#ffffff;--awb-border-sizes-top:1px;--awb-border-sizes-bottom:1px;--awb-flex-wrap:wrap;\" ><div class=\"fusion-builder-row fusion-row\"><div class=\"fusion-layout-column fusion_builder_column fusion-builder-column-0 fusion_builder_column_2_3 2_3 fusion-two-third fusion-column-first\" style=\"--awb-bg-size:cover;width:65.3333%; margin-right: 4%;\"><div class=\"fusion-column-wrapper fusion-flex-column-wrapper-legacy\"><div class=\"fusion-column-content-centered\"><div class=\"fusion-column-content\"><div class=\"fusion-text fusion-text-1\"><h4 style=\"font-size: 30px;text-align: left\">Starten Sie noch heute Ihre Gratis-Testversion der OrgChart-Software!<\/h4>\n<p>Jedes Unternehmen muss hin und wieder organisatorische Diagramme erstellen und freigeben. Ob Ihr Unternehmen 50 oder 15.000 Mitarbeiter hat: Sie brauchen OrgChart-Software. <\/p>\n<p>Mit OrgChart gehen Sie \u00fcber die Basics hinaus: Damit visualisieren und modellieren Sie Wachstum und Umstrukturierungen und identifizieren entscheidende Mitarbeiter innerhalb Ihres Unternehmens. <\/p>\n<p>Tausende von Unternehmen verlassen sich inzwischen auf OrgChart \u2013 als einfachste und leistungsst\u00e4rkste M\u00f6glichkeit, organisatorische Diagramme zu erstellen, Talente zu visualisieren und Einblicke in ihr Unternehmen zu gewinnen.<\/p>\n<\/div><\/div><\/div><div class=\"fusion-clearfix\"><\/div><\/div><\/div><div class=\"fusion-layout-column fusion_builder_column fusion-builder-column-1 fusion_builder_column_1_3 1_3 fusion-one-third fusion-column-last\" style=\"--awb-bg-size:cover;width:30.6666%;\"><div class=\"fusion-column-wrapper fusion-flex-column-wrapper-legacy\"><div class=\"fusion-image-element fusion-image-align-center in-legacy-container\" style=\"text-align:center;--awb-caption-title-font-family:var(--h2_typography-font-family);--awb-caption-title-font-weight:var(--h2_typography-font-weight);--awb-caption-title-font-style:var(--h2_typography-font-style);--awb-caption-title-size:var(--h2_typography-font-size);--awb-caption-title-transform:var(--h2_typography-text-transform);--awb-caption-title-line-height:var(--h2_typography-line-height);--awb-caption-title-letter-spacing:var(--h2_typography-letter-spacing);\"><div class=\"imageframe-align-center\"><span class=\" fusion-imageframe imageframe-none imageframe-1 hover-type-none fusion-animated\" data-animationType=\"fadeInUp\" data-animationDuration=\"1\" data-animationOffset=\"top-into-view\"><img decoding=\"async\" alt=\"OrgChart \u2013 Beispiel\" src=\"https:\/\/www.orgchartpro.com\/wp-content\/uploads\/span-of-control-350w.png\" class=\"img-responsive\"\/><\/span><\/div><\/div><div class=\"fusion-clearfix\"><\/div><\/div><\/div><div class=\"fusion-layout-column fusion_builder_column fusion-builder-column-2 fusion_builder_column_1_1 1_1 fusion-one-full fusion-column-first fusion-column-last fusion-column-no-min-height\" style=\"--awb-bg-size:cover;--awb-margin-bottom:0px;\"><div class=\"fusion-column-wrapper fusion-flex-column-wrapper-legacy\"><div class=\"fusion-sep-clear\"><\/div><div class=\"fusion-separator fusion-full-width-sep\" style=\"margin-left: auto;margin-right: auto;margin-top:15px;margin-bottom:15px;width:100%;\"><div class=\"fusion-separator-border sep-double sep-solid\" style=\"--awb-height:20px;--awb-amount:20px;border-color:#e0dede;border-top-width:1px;border-bottom-width:1px;\"><\/div><\/div><div class=\"fusion-sep-clear\"><\/div><div class=\"fusion-clearfix\"><\/div><\/div><\/div><\/div><\/div><div class=\"fusion-fullwidth fullwidth-box fusion-builder-row-2 nonhundred-percent-fullwidth non-hundred-percent-height-scrolling\" style=\"--awb-background-position:left top;--awb-border-color:#e5e4e4;--awb-border-radius-top-left:0px;--awb-border-radius-top-right:0px;--awb-border-radius-bottom-right:0px;--awb-border-radius-bottom-left:0px;--awb-padding-top:15px;--awb-padding-right:0px;--awb-padding-bottom:5px;--awb-padding-left:0px;--awb-background-color:#ffffff;--awb-border-sizes-top:0px;--awb-border-sizes-bottom:0px;--awb-flex-wrap:wrap;\" ><div class=\"fusion-builder-row fusion-row\"><div class=\"fusion-layout-column fusion_builder_column fusion-builder-column-3 fusion_builder_column_1_2 1_2 fusion-one-half fusion-column-first\" style=\"--awb-padding-top:10px;--awb-padding-right:10px;--awb-padding-bottom:10px;--awb-padding-left:10px;--awb-bg-size:cover;width:48%; margin-right: 4%;\"><div class=\"fusion-column-wrapper fusion-flex-column-wrapper-legacy\"><div class=\"fusion-column-content-centered\"><div class=\"fusion-column-content\"><div class=\"fusion-image-element fusion-image-align-center in-legacy-container\" style=\"text-align:center;--awb-caption-title-font-family:var(--h2_typography-font-family);--awb-caption-title-font-weight:var(--h2_typography-font-weight);--awb-caption-title-font-style:var(--h2_typography-font-style);--awb-caption-title-size:var(--h2_typography-font-size);--awb-caption-title-transform:var(--h2_typography-text-transform);--awb-caption-title-line-height:var(--h2_typography-line-height);--awb-caption-title-letter-spacing:var(--h2_typography-letter-spacing);\"><div class=\"imageframe-align-center\"><span class=\" fusion-imageframe imageframe-none imageframe-2 hover-type-none fusion-animated\" style=\"border:20px solid #ffffff;\" data-animationType=\"fadeInUp\" data-animationDuration=\"1\" data-animationOffset=\"top-into-view\"><img decoding=\"async\" alt=\"OrgChart Platinum \u2013 Logo\" src=\"https:\/\/www.orgchartpro.com\/wp-content\/uploads\/orgchart-platinum-logo-77h.png\" class=\"img-responsive\"\/><\/span><\/div><\/div><div class=\"fusion-text fusion-text-2\"><h2 style=\"text-align: center\">Desktop-L\u00f6sung<\/h2>\n<p><b>OrgChart Platinum <\/b> kann rasch Organigramme anhand Ihrer HR-Daten oder Ihres Firmenverzeichnisses zusammenstellen. OrgChart Platinum k\u00f6nnen Sie f\u00fcr Ihre Personalplanungs-, Budget-, Belegschafts- und Nachfolgeplanung und mehr verwenden. Nach dem Einrichten k\u00f6nnen Ihre Organigramme innerhalb des Unternehmens m\u00fchelos gemeinsam genutzt werden. <\/p>\n<p>OrgChart Platinum ist das optimale Tool f\u00fcr die Visualisierung, \u00dcbermittlung und Verwaltung der zentralen Arbeitsbeziehungen zwischen Ihren Mitarbeitern &#8211; einer der kostbarsten Ressourcen Ihres Unternehmens.<\/p>\n<ul>\n<li><b>Einfache Diagrammerstellung \u2013 <\/b>professionelle Organigramme schnell erstellen.<\/li>\n<li><b>Automatische Updates\u00a0\u2013<\/b>\u00a0 Mit der Datensynchronisation werden Organigramme st\u00e4ndig aktualisiert.<\/li>\n<li><b>\u00a0Szenarienplanung \u2013 <\/b>Sie erhalten Einblicke in Ihr Unternehmen und k\u00f6nnen \u00c4nderungen planen, indem Sie wichtige Metriken \u00fcberwachen, sowie \u00c4nderungen wie Umstrukturierungen und Fusionen visuell darstellen.<\/li>\n<li><b>Einfache Navigation und Anzeige \u2013 <\/b>Sie k\u00f6nnen m\u00fchelos durch Aufgliedern (\u201eDrilldown\u201c) jede Ebene innerhalb des Unternehmens visualisieren oder Vergleiche zwischen Gesch\u00e4ftseinheiten anstellen.<\/li>\n<li><b>Flexibilit\u00e4t bei der Pr\u00e4sentation \u2013 <\/b>Mit OrgChart k\u00f6nnen Sie das Format Ihrer Diagramme fein abstimmen und so Ihr eigenes \u201eLook&amp;Feel\u201c herstellen.<\/li>\n<li><b>Export in mehrere Dateiformate \u2013 <\/b>Exportieren Sie Ihr Organigramm in PDF, PowerPoint und ins Web f\u00fcr Pr\u00e4sentationen des Vorstands oder f\u00fcr die weitere Planung und Analyse.<\/li>\n<\/ul>\n<\/div><\/div><\/div><div class=\"fusion-clearfix\"><\/div><\/div><\/div><div class=\"fusion-layout-column fusion_builder_column fusion-builder-column-4 fusion_builder_column_1_2 1_2 fusion-one-half fusion-column-last\" style=\"--awb-padding-top:10px;--awb-padding-right:10px;--awb-padding-bottom:10px;--awb-padding-left:10px;--awb-bg-size:cover;width:48%;\"><div class=\"fusion-column-wrapper fusion-flex-column-wrapper-legacy\"><div class=\"fusion-column-content-centered\"><div class=\"fusion-column-content\"><div class=\"fusion-image-element fusion-image-align-center in-legacy-container\" style=\"text-align:center;--awb-caption-title-font-family:var(--h2_typography-font-family);--awb-caption-title-font-weight:var(--h2_typography-font-weight);--awb-caption-title-font-style:var(--h2_typography-font-style);--awb-caption-title-size:var(--h2_typography-font-size);--awb-caption-title-transform:var(--h2_typography-text-transform);--awb-caption-title-line-height:var(--h2_typography-line-height);--awb-caption-title-letter-spacing:var(--h2_typography-letter-spacing);\"><div class=\"imageframe-align-center\"><span class=\" fusion-imageframe imageframe-none imageframe-3 hover-type-none fusion-animated\" style=\"border:15px solid #ffffff;\" data-animationType=\"fadeInUp\" data-animationDuration=\"1\" data-animationOffset=\"top-into-view\"><img decoding=\"async\" alt=\"Avada Theme Image\" src=\"https:\/\/www.orgchartpro.com\/wp-content\/uploads\/orgchart-now-logo-300.png\" class=\"img-responsive\"\/><\/span><\/div><\/div><div class=\"fusion-text fusion-text-3\"><h2 style=\"text-align: center\">Cloud-L\u00f6sung<\/h2>\n<p><b>OrgChart Now<\/b> kann anhand Ihrer HR-Daten oder Ihres Firmenverzeichnisses rasch organisatorische Diagramme zusammenstellen; damit k\u00f6nnen Sie m\u00fchelos professionelle organisatorische Diagramme erstellen und pflegen. OrgChart Now ist webbasiert; dadurch wird die gemeinsame Nutzung topaktueller Diagramme mit Ihren Kollegen zum Kinderspiel.<\/p>\n<ul>\n<li><b>Keine Installation n\u00f6tig \u2013 <\/b>OrgChart Now basiert auf HTML5 und Webstandards und funktioniert mit fast jedem modernen Webbrowser. Absolut keine Plugins erforderlich! Und es funktioniert auf Mac, PC oder mobilen Plattformen.<\/li>\n<li><b>Flexibilit\u00e4t \u2013 <\/b>OrgChart Now erm\u00f6glicht es Ihnen, Diagramme manuell oder \u00fcber datengesteuerte Regeln anzupassen und damit sofort offene Stellen oder befristete Arbeitsvertr\u00e4ge hervorzuheben, selbst wenn Ihr Diagramm tausende von Posten verfolgt.<\/li>\n<li><b>Beginnen Sie mit Ihren vorhandenen Daten \u2013 <\/b>Importieren Sie Daten direkt aus Excel, SQL Server oder HRIS \u2013 z.\u00a0B. ADP Workforce Now, BambooHR, PeopleHR oder SAP.<\/li>\n<li><b>Navigieren Sie und erkunden Sie Ihr Unternehmen \u2013 <\/b>Sie k\u00f6nnen m\u00fchelos durch Aufgliedern (\u201eDrilldown\u201c) jede Ebene innerhalb des Unternehmens visualisieren oder Vergleiche zwischen Gesch\u00e4ftseinheiten anstellen. Selbst wenn Ihr Diagramm tausende von Posten zuordnet, geht die Navigation fast wie von selbst vonstatten.<\/li>\n<li><b>Zusammenarbeit und Austausch \u2013 <\/b>Ver\u00f6ffentlichen Sie direkt in Formaten wie PPT und PDF oder binden Sie Diagramme direkt auf Ihrer Website ein.<\/li>\n<li><b>Sicherer Zugriff auf Diagramme \u2013 <\/b>Durch Zugriffsgruppen wird der korrekte Zugang zu organisatorischen Informationen sichergestellt. Sie legen genau fest, welche Diagramme jeder Benutzer einsehen darf.<\/li>\n<\/ul>\n<\/div><\/div><\/div><div class=\"fusion-clearfix\"><\/div><\/div><\/div><\/div><\/div><div class=\"fusion-fullwidth fullwidth-box fusion-builder-row-3 nonhundred-percent-fullwidth non-hundred-percent-height-scrolling\" style=\"--awb-background-position:left top;--awb-border-color:#ffffff;--awb-border-radius-top-left:0px;--awb-border-radius-top-right:0px;--awb-border-radius-bottom-right:0px;--awb-border-radius-bottom-left:0px;--awb-padding-top:5px;--awb-padding-right:0px;--awb-padding-bottom:10px;--awb-padding-left:0px;--awb-background-color:#ffffff;--awb-border-sizes-top:0px;--awb-border-sizes-bottom:0px;--awb-flex-wrap:wrap;\" ><div class=\"fusion-builder-row fusion-row\"><div class=\"fusion-layout-column fusion_builder_column fusion-builder-column-5 fusion_builder_column_1_2 1_2 fusion-one-half fusion-column-first fusion-animated\" style=\"--awb-bg-size:cover;width:48%; margin-right: 4%;\" data-animationType=\"fadeInDown\" data-animationDuration=\"0.1\" data-animationOffset=\"top-into-view\"><div class=\"fusion-column-wrapper fusion-flex-column-wrapper-legacy\"><div class=\"fusion-column-content-centered\"><div class=\"fusion-column-content\"><div class=\"fusion-aligncenter\"><a class=\"fusion-button button-flat button-large button-custom fusion-button-default button-1 fusion-button-default-span fusion-button-default-type\" style=\"--button_accent_color:#ffffff;--button_accent_hover_color:#ffffff;--button_border_hover_color:#ffffff;--button_border_width-top:0px;--button_border_width-right:0px;--button_border_width-bottom:0px;--button_border_width-left:0px;--button_gradient_top_color:#3498db;--button_gradient_bottom_color:#3498db;--button_gradient_top_color_hover:#33bcdb;--button_gradient_bottom_color_hover:#33bcdb;\" target=\"_self\" href=\"http:\/\/orgchartpro.de\/organigramm-software\/orgchart-platinum\/orgchart-platinum-gratis-testversion\/?lang=de\"><span class=\"fusion-button-icon-divider button-icon-divider-left\"><i class=\" fa fa-download awb-button__icon awb-button__icon--default\" aria-hidden=\"true\"><\/i><\/span><span class=\"fusion-button-text awb-button__text awb-button__text--default fusion-button-text-left\">Starten Sie Ihre kostenlose OrgChart Platinum-Testversion<\/span><\/a><\/div><\/div><\/div><div class=\"fusion-clearfix\"><\/div><\/div><\/div><div class=\"fusion-layout-column fusion_builder_column fusion-builder-column-6 fusion_builder_column_1_2 1_2 fusion-one-half fusion-column-last fusion-animated\" style=\"--awb-bg-size:cover;width:48%;\" data-animationType=\"fadeInDown\" data-animationDuration=\"0.1\" data-animationOffset=\"top-into-view\"><div class=\"fusion-column-wrapper fusion-flex-column-wrapper-legacy\"><div class=\"fusion-column-content-centered\"><div class=\"fusion-column-content\"><div class=\"fusion-aligncenter\"><a class=\"fusion-button button-flat button-large button-custom fusion-button-default button-2 fusion-button-default-span fusion-button-default-type\" style=\"--button_accent_color:#ffffff;--button_accent_hover_color:#ffffff;--button_border_hover_color:#ffffff;--button_border_width-top:0px;--button_border_width-right:0px;--button_border_width-bottom:0px;--button_border_width-left:0px;--button_gradient_top_color:#3498db;--button_gradient_bottom_color:#3498db;--button_gradient_top_color_hover:#33bcdb;--button_gradient_bottom_color_hover:#33bcdb;\" target=\"_self\" href=\"http:\/\/orgchartpro.de\/orgchart-now-gratis-testversion\/?lang=de\"><span class=\"fusion-button-icon-divider button-icon-divider-left\"><i class=\" fa fa-download awb-button__icon awb-button__icon--default\" aria-hidden=\"true\"><\/i><\/span><span class=\"fusion-button-text awb-button__text awb-button__text--default fusion-button-text-left\">Starten Sie Ihre kostenlose OrgChart Now-Testversion<\/span><\/a><\/div><\/div><\/div><div class=\"fusion-clearfix\"><\/div><\/div><\/div><\/div><\/div><div class=\"fusion-fullwidth fullwidth-box fusion-builder-row-4 nonhundred-percent-fullwidth non-hundred-percent-height-scrolling\" style=\"--awb-background-position:left top;--awb-border-radius-top-left:0px;--awb-border-radius-top-right:0px;--awb-border-radius-bottom-right:0px;--awb-border-radius-bottom-left:0px;--awb-padding-top:10px;--awb-padding-right:0px;--awb-padding-bottom:0px;--awb-padding-left:0px;--awb-background-color:#fff;--awb-border-sizes-top:0px;--awb-border-sizes-bottom:0px;--awb-flex-wrap:wrap;\" ><div class=\"fusion-builder-row fusion-row\"><div class=\"fusion-layout-column fusion_builder_column fusion-builder-column-7 fusion_builder_column_1_1 1_1 fusion-one-full fusion-column-first fusion-column-last fusion-column-no-min-height\" style=\"--awb-bg-size:cover;--awb-margin-bottom:0px;\"><div class=\"fusion-column-wrapper fusion-flex-column-wrapper-legacy\"><div class=\"fusion-title title fusion-title-1 fusion-title-text fusion-title-size-three\" style=\"--awb-margin-top-small:0px;--awb-margin-right-small:0px;--awb-margin-bottom-small:20px;--awb-margin-left-small:0px;\"><h3 class=\"fusion-title-heading title-heading-left fusion-responsive-typography-calculated\" style=\"margin:0;--fontSize:22;--minFontSize:22;line-height:1.3;\">Anerkannt von<\/h3><span class=\"awb-title-spacer\"><\/span><div class=\"title-sep-container\"><div class=\"title-sep sep-single sep-solid\" style=\"border-color:#e0dede;\"><\/div><\/div><\/div><div class=\"fusion-clearfix\"><\/div><\/div><\/div><div class=\"fusion-layout-column fusion_builder_column fusion-builder-column-8 fusion_builder_column_1_5 1_5 fusion-one-fifth fusion-column-first\" style=\"--awb-bg-size:cover;width:16.8%; margin-right: 4%;\"><div class=\"fusion-column-wrapper fusion-flex-column-wrapper-legacy\"><div class=\"fusion-text fusion-text-4\"><p><img decoding=\"async\" class=\"alignnone size-full wp-image-10578 aligncenter\" src=\"https:\/\/www.orgchartpro.com\/wp-content\/uploads\/spon-grey-422-starz.png\" alt=\"spon-grey-422-starz\" width=\"218\" height=\"69\" \/><\/p>\n<\/div><div class=\"fusion-clearfix\"><\/div><\/div><\/div><div class=\"fusion-layout-column fusion_builder_column fusion-builder-column-9 fusion_builder_column_1_5 1_5 fusion-one-fifth\" style=\"--awb-bg-size:cover;width:16.8%; margin-right: 4%;\"><div class=\"fusion-column-wrapper fusion-flex-column-wrapper-legacy\"><div class=\"fusion-text fusion-text-5\"><p><img decoding=\"async\" class=\"aligncenter size-full wp-image-47\" src=\"\/wp-content\/uploads\/spon-grey-321.png\" alt=\"spon-grey-321\" width=\"202\" height=\"69\" \/><\/p>\n<\/div><div class=\"fusion-clearfix\"><\/div><\/div><\/div><div class=\"fusion-layout-column fusion_builder_column fusion-builder-column-10 fusion_builder_column_1_5 1_5 fusion-one-fifth\" style=\"--awb-bg-size:cover;width:16.8%; margin-right: 4%;\"><div class=\"fusion-column-wrapper fusion-flex-column-wrapper-legacy\"><div class=\"fusion-text fusion-text-6\"><p><img decoding=\"async\" class=\"aligncenter size-full wp-image-50\" src=\"\/wp-content\/uploads\/spon-grey-421.png\" alt=\"spon-grey-421\" width=\"141\" height=\"69\" \/><\/p>\n<\/div><div class=\"fusion-clearfix\"><\/div><\/div><\/div><div class=\"fusion-layout-column fusion_builder_column fusion-builder-column-11 fusion_builder_column_1_5 1_5 fusion-one-fifth\" style=\"--awb-bg-size:cover;width:16.8%; margin-right: 4%;\"><div class=\"fusion-column-wrapper fusion-flex-column-wrapper-legacy\"><div class=\"fusion-text fusion-text-7\"><p><img decoding=\"async\" class=\"aligncenter size-full wp-image-48\" src=\"\/wp-content\/uploads\/spon-grey-521.png\" alt=\"spon-grey-521\" width=\"127\" height=\"69\" \/><\/p>\n<\/div><div class=\"fusion-clearfix\"><\/div><\/div><\/div><div class=\"fusion-layout-column fusion_builder_column fusion-builder-column-12 fusion_builder_column_1_5 1_5 fusion-one-fifth fusion-column-last\" style=\"--awb-bg-size:cover;width:16.8%;\"><div class=\"fusion-column-wrapper fusion-flex-column-wrapper-legacy\"><div class=\"fusion-text fusion-text-8\"><p><img decoding=\"async\" class=\"aligncenter size-full wp-image-49\" src=\"\/wp-content\/uploads\/spon-grey-621.png\" alt=\"spon-grey-621\" width=\"119\" height=\"69\" \/><\/p>\n<\/div><div class=\"fusion-clearfix\"><\/div><\/div><\/div><\/div><\/div><div class=\"fusion-fullwidth fullwidth-box fusion-builder-row-5 hundred-percent-fullwidth non-hundred-percent-height-scrolling\" style=\"--awb-border-radius-top-left:0px;--awb-border-radius-top-right:0px;--awb-border-radius-bottom-right:0px;--awb-border-radius-bottom-left:0px;--awb-overflow:visible;--awb-flex-wrap:wrap;\" ><div class=\"fusion-builder-row fusion-row\"><div class=\"fusion-layout-column fusion_builder_column fusion-builder-column-13 fusion_builder_column_1_1 1_1 fusion-one-full fusion-column-first fusion-column-last fusion-column-no-min-height\" style=\"--awb-bg-size:cover;--awb-margin-bottom:0px;\"><div class=\"fusion-column-wrapper fusion-flex-column-wrapper-legacy\"><div class=\"fusion-clearfix\"><\/div><\/div><\/div><\/div><\/div><\/p>\n","protected":false},"excerpt":{"rendered":"","protected":false},"author":2,"featured_media":0,"parent":0,"menu_order":0,"comment_status":"closed","ping_status":"closed","template":"","meta":{"footnotes":""},"class_list":["post-20507","page","type-page","status-publish","hentry"],"yoast_head":"<!-- This site is optimized with the Yoast SEO Premium plugin v15.8.2 - https:\/\/yoast.com\/wordpress\/plugins\/seo\/ -->\n<title>OrgChart Software \u2013 Gratis-Testversion - OrgChart - Germany<\/title>\n<meta name=\"description\" content=\"OrgChart Software Gratis-Testversion \u2013 Starten Sie noch heute mit OrgChart Platinum oder OrgChart Pro.\" \/>\n<meta name=\"robots\" content=\"index, follow, max-snippet:-1, max-image-preview:large, max-video-preview:-1\" \/>\n<link rel=\"canonical\" href=\"https:\/\/orgchartpro.de\/de\/orgchart-software-gratis-testversion\/\" \/>\n<meta property=\"og:locale\" content=\"de_DE\" \/>\n<meta property=\"og:type\" content=\"article\" \/>\n<meta property=\"og:title\" content=\"OrgChart Software \u2013 Gratis-Testversion - OrgChart - Germany\" \/>\n<meta property=\"og:description\" content=\"OrgChart Software Gratis-Testversion \u2013 Starten Sie noch heute mit OrgChart Platinum oder OrgChart Pro.\" \/>\n<meta property=\"og:url\" content=\"https:\/\/orgchartpro.de\/de\/orgchart-software-gratis-testversion\/\" \/>\n<meta property=\"og:site_name\" content=\"OrgChart - Germany\" \/>\n<meta property=\"article:publisher\" content=\"https:\/\/www.facebook.com\/OrganizationalChartingSoftware\" \/>\n<meta property=\"article:modified_time\" content=\"2018-01-19T13:27:11+00:00\" \/>\n<meta property=\"og:image\" content=\"https:\/\/www.orgchartpro.com\/wp-content\/uploads\/span-of-control-350w.png\" \/>\n<meta name=\"twitter:card\" content=\"summary\" \/>\n<meta name=\"twitter:site\" content=\"@orgchartpro\" \/>\n<meta name=\"twitter:label1\" content=\"Gesch\u00e4tzte Lesezeit\">\n\t<meta name=\"twitter:data1\" content=\"11\u00a0Minuten\">\n<script type=\"application\/ld+json\" class=\"yoast-schema-graph\">{\"@context\":\"https:\/\/schema.org\",\"@graph\":[{\"@type\":\"Organization\",\"@id\":\"https:\/\/orgchartpro.de\/de\/#organization\",\"name\":\"OrgChart Pro\",\"url\":\"https:\/\/orgchartpro.de\/de\/\",\"sameAs\":[\"https:\/\/www.facebook.com\/OrganizationalChartingSoftware\",\"https:\/\/www.linkedin.com\/company\/806102\",\"https:\/\/www.youtube.com\/user\/OrgChartProfessional\",\"https:\/\/twitter.com\/orgchartpro\"],\"logo\":{\"@type\":\"ImageObject\",\"@id\":\"https:\/\/orgchartpro.de\/de\/#logo\",\"inLanguage\":\"de\",\"url\":\"https:\/\/orgchartpro.de\/wp-content\/uploads\/orgchartpro-logo-55h.png\",\"width\":140,\"height\":55,\"caption\":\"OrgChart Pro\"},\"image\":{\"@id\":\"https:\/\/orgchartpro.de\/de\/#logo\"}},{\"@type\":\"WebSite\",\"@id\":\"https:\/\/orgchartpro.de\/de\/#website\",\"url\":\"https:\/\/orgchartpro.de\/de\/\",\"name\":\"OrgChart - Germany\",\"description\":\"The Better Way To Chart Your Organisation\",\"publisher\":{\"@id\":\"https:\/\/orgchartpro.de\/de\/#organization\"},\"potentialAction\":[{\"@type\":\"SearchAction\",\"target\":\"https:\/\/orgchartpro.de\/de\/?s={search_term_string}\",\"query-input\":\"required name=search_term_string\"}],\"inLanguage\":\"de\"},{\"@type\":\"ImageObject\",\"@id\":\"https:\/\/orgchartpro.de\/de\/orgchart-software-gratis-testversion\/#primaryimage\",\"inLanguage\":\"de\",\"url\":\"https:\/\/www.orgchartpro.com\/wp-content\/uploads\/span-of-control-350w.png\"},{\"@type\":\"WebPage\",\"@id\":\"https:\/\/orgchartpro.de\/de\/orgchart-software-gratis-testversion\/#webpage\",\"url\":\"https:\/\/orgchartpro.de\/de\/orgchart-software-gratis-testversion\/\",\"name\":\"OrgChart Software \\u2013 Gratis-Testversion - OrgChart - Germany\",\"isPartOf\":{\"@id\":\"https:\/\/orgchartpro.de\/de\/#website\"},\"primaryImageOfPage\":{\"@id\":\"https:\/\/orgchartpro.de\/de\/orgchart-software-gratis-testversion\/#primaryimage\"},\"datePublished\":\"2017-12-19T17:07:56+00:00\",\"dateModified\":\"2018-01-19T13:27:11+00:00\",\"description\":\"OrgChart Software Gratis-Testversion \\u2013 Starten Sie noch heute mit OrgChart Platinum oder OrgChart Pro.\",\"breadcrumb\":{\"@id\":\"https:\/\/orgchartpro.de\/de\/orgchart-software-gratis-testversion\/#breadcrumb\"},\"inLanguage\":\"de\",\"potentialAction\":[{\"@type\":\"ReadAction\",\"target\":[\"https:\/\/orgchartpro.de\/de\/orgchart-software-gratis-testversion\/\"]}]},{\"@type\":\"BreadcrumbList\",\"@id\":\"https:\/\/orgchartpro.de\/de\/orgchart-software-gratis-testversion\/#breadcrumb\",\"itemListElement\":[{\"@type\":\"ListItem\",\"position\":1,\"item\":{\"@type\":\"WebPage\",\"@id\":\"https:\/\/orgchartpro.de\/de\/\",\"url\":\"https:\/\/orgchartpro.de\/de\/\",\"name\":\"Home\"}},{\"@type\":\"ListItem\",\"position\":2,\"item\":{\"@type\":\"WebPage\",\"@id\":\"https:\/\/orgchartpro.de\/de\/orgchart-software-gratis-testversion\/\",\"url\":\"https:\/\/orgchartpro.de\/de\/orgchart-software-gratis-testversion\/\",\"name\":\"OrgChart Software \\u2013 Gratis-Testversion\"}}]}]}<\/script>\n<!-- \/ Yoast SEO Premium plugin. -->","_links":{"self":[{"href":"https:\/\/orgchartpro.de\/de\/wp-json\/wp\/v2\/pages\/20507","targetHints":{"allow":["GET"]}}],"collection":[{"href":"https:\/\/orgchartpro.de\/de\/wp-json\/wp\/v2\/pages"}],"about":[{"href":"https:\/\/orgchartpro.de\/de\/wp-json\/wp\/v2\/types\/page"}],"author":[{"embeddable":true,"href":"https:\/\/orgchartpro.de\/de\/wp-json\/wp\/v2\/users\/2"}],"replies":[{"embeddable":true,"href":"https:\/\/orgchartpro.de\/de\/wp-json\/wp\/v2\/comments?post=20507"}],"version-history":[{"count":5,"href":"https:\/\/orgchartpro.de\/de\/wp-json\/wp\/v2\/pages\/20507\/revisions"}],"predecessor-version":[{"id":20747,"href":"https:\/\/orgchartpro.de\/de\/wp-json\/wp\/v2\/pages\/20507\/revisions\/20747"}],"wp:attachment":[{"href":"https:\/\/orgchartpro.de\/de\/wp-json\/wp\/v2\/media?parent=20507"}],"curies":[{"name":"wp","href":"https:\/\/api.w.org\/{rel}","templated":true}]}}