{"id":20521,"date":"2017-12-19T17:08:21","date_gmt":"2017-12-19T17:08:21","guid":{"rendered":"https:\/\/orgchartpro.de\/kostenlose-organigramm-testsoftware\/"},"modified":"2021-06-04T05:39:10","modified_gmt":"2021-06-04T03:39:10","slug":"kostenlose-organigramm-testsoftware","status":"publish","type":"page","link":"https:\/\/orgchartpro.de\/de\/kostenlose-organigramm-testsoftware\/","title":{"rendered":"Kostenlose Organigramm-Testsoftware"},"content":{"rendered":"<p><div class=\"fusion-fullwidth fullwidth-box fusion-builder-row-1 nonhundred-percent-fullwidth non-hundred-percent-height-scrolling\" style=\"--awb-background-position:left top;--awb-border-radius-top-left:0px;--awb-border-radius-top-right:0px;--awb-border-radius-bottom-right:0px;--awb-border-radius-bottom-left:0px;--awb-padding-top:10px;--awb-padding-bottom:40px;--awb-background-color:#fff;--awb-border-sizes-top:0px;--awb-border-sizes-bottom:0px;--awb-flex-wrap:wrap;\" ><div class=\"fusion-builder-row fusion-row\"><div class=\"fusion-layout-column fusion_builder_column fusion-builder-column-0 fusion_builder_column_1_1 1_1 fusion-one-full fusion-column-first fusion-column-last\" style=\"--awb-bg-size:cover;--awb-margin-bottom:0px;\"><div class=\"fusion-column-wrapper fusion-flex-column-wrapper-legacy\"><div class=\"fusion-text fusion-text-1\"><h2 style=\"text-align: center;\">Probieren Sie eines unserer Org Chart-Softwareprodukte aus \u2013 starten Sie noch heute.<\/h2>\n<\/div><div class=\"fusion-clearfix\"><\/div><\/div><\/div><\/div><\/div><div class=\"fusion-fullwidth fullwidth-box fusion-builder-row-2 nonhundred-percent-fullwidth non-hundred-percent-height-scrolling\" style=\"--awb-border-radius-top-left:0px;--awb-border-radius-top-right:0px;--awb-border-radius-bottom-right:0px;--awb-border-radius-bottom-left:0px;--awb-padding-top:0px;--awb-padding-bottom:40px;--awb-flex-wrap:wrap;\" ><div class=\"fusion-builder-row fusion-row\"><div class=\"fusion-layout-column fusion_builder_column fusion-builder-column-1 fusion_builder_column_1_1 1_1 fusion-one-full fusion-column-first fusion-column-last fusion-column-no-min-height\" style=\"--awb-bg-size:cover;--awb-margin-bottom:0px;\"><div class=\"fusion-column-wrapper fusion-flex-column-wrapper-legacy\"><div class=\"fusion-text fusion-text-2\"><p><a href=\"\/?page_id=1232\"><img decoding=\"async\" class=\"alignleft wp-image-7390\" style=\"margin-bottom: 50px;\" src=\"http:\/\/orgchartpro.de\/wp-content\/uploads\/OrgChart-Now-UI.11.png\" alt=\"OrgChart Now \u2013 Benutzeroberfl\u00e4che\" width=\"491\" height=\"313\" srcset=\"https:\/\/orgchartpro.de\/wp-content\/uploads\/OrgChart-Now-UI.11-300x191.png 300w, https:\/\/orgchartpro.de\/wp-content\/uploads\/OrgChart-Now-UI.11-1024x653.png 1024w, https:\/\/orgchartpro.de\/wp-content\/uploads\/OrgChart-Now-UI.11.png 1492w\" sizes=\"(max-width: 491px) 100vw, 491px\" \/><\/a><\/p>\n<h2><img decoding=\"async\" class=\"alignnone size-full wp-image-3364\" src=\"\/wp-content\/uploads\/go-cal1.png\" alt=\"OrgChart Now\" width=\"97\" height=\"97\" \/><strong>OrgChart Now<\/strong><\/h2>\n<h3>Die Online-Organigramml\u00f6sung Nr. 1<\/h3>\n<h4>OrgChart Now macht die Erstellung, Pflege und gemeinsame Nutzung von Organigrammen einfach und effizient.<\/h4>\n<p>Mit OrgChart Now brauchen Sie lediglich einen Webbrowser \u2013 kein Download, kein Installieren oder Konfigurieren notwendig. Wenn Sie nach einer Software f\u00fcr die organisatorische Erfassung eines Teams oder Ihres gesamten Unternehmens suchen, finden Sie in OrgChart ein Programm, das Ihren Anforderungen entspricht und mit Ihnen w\u00e4chst.<\/p>\n<\/div><div class=\"fusion-alignleft\"><a class=\"fusion-button button-flat fusion-button-default-size button-custom fusion-button-default button-1 fusion-button-default-span fusion-button-default-type\" style=\"--button_accent_color:#ffffff;--button_accent_hover_color:#ffffff;--button_border_hover_color:#ffffff;--button_border_width-top:0px;--button_border_width-right:0px;--button_border_width-bottom:0px;--button_border_width-left:0px;--button_gradient_top_color:#3498db;--button_gradient_bottom_color:#3498db;--button_gradient_top_color_hover:#33bcdb;--button_gradient_bottom_color_hover:#33bcdb;\" target=\"_self\" href=\"\/de\/organigramm-software\/orgchart-now\/orgchart-now-gratis-testversion\/\"><span class=\"fusion-button-icon-divider button-icon-divider-left\"><i class=\"fa-download fas awb-button__icon awb-button__icon--default\" aria-hidden=\"true\"><\/i><\/span><span class=\"fusion-button-text awb-button__text awb-button__text--default fusion-button-text-left\">Kostenlose Testversion starten<\/span><\/a><\/div><div class=\"fusion-clearfix\"><\/div><\/div><\/div><\/div><\/div><div class=\"fusion-fullwidth fullwidth-box fusion-builder-row-3 nonhundred-percent-fullwidth non-hundred-percent-height-scrolling\" style=\"--awb-border-radius-top-left:0px;--awb-border-radius-top-right:0px;--awb-border-radius-bottom-right:0px;--awb-border-radius-bottom-left:0px;--awb-padding-top:40px;--awb-padding-bottom:40px;--awb-background-color:#f2f2f2;--awb-flex-wrap:wrap;\" ><div class=\"fusion-builder-row fusion-row\"><div class=\"fusion-layout-column fusion_builder_column fusion-builder-column-2 fusion_builder_column_1_1 1_1 fusion-one-full fusion-column-first fusion-column-last\" style=\"--awb-bg-size:cover;--awb-margin-bottom:0px;\"><div class=\"fusion-column-wrapper fusion-flex-column-wrapper-legacy\"><div class=\"fusion-text fusion-text-3\"><p><a href=\"\/?page_id=1334\"><img decoding=\"async\" class=\"alignleft size-full wp-image-4589\" style=\"margin-bottom: 50px;\" src=\"\/wp-content\/uploads\/featured-orgchart-platinum-1.png\" alt=\"OrgChart Platinum\" width=\"475\" srcset=\"https:\/\/orgchartpro.de\/wp-content\/uploads\/featured-orgchart-platinum-1-300x182.png 300w, https:\/\/orgchartpro.de\/wp-content\/uploads\/featured-orgchart-platinum-1.png 475w\" sizes=\"(max-width: 475px) 100vw, 475px\" \/><\/a><\/p>\n<h2><img decoding=\"async\" class=\"alignnone size-full\" src=\"\/wp-content\/uploads\/go-cal3.png\" alt=\"OrgChart Platinum\" width=\"97\" height=\"97\" \/><strong>OrgChart Platinum<\/strong><\/h2>\n<h3>Organigrammsoftware-Komplettl\u00f6sung<\/h3>\n<h4>Talentvisualisierung und Personalplanung \u2013 einfach gemacht<\/h4>\n<p>OrgChart Platinum bietet Ihnen die M\u00f6glichkeit, Ihre Belegschaft mit besseren Einblicken zu verwalten, organisatorische \u00c4nderungen transparenter zu planen und \u00c4nderungsszenarien detailgenau zu modellieren.<\/p>\n<\/div><div class=\"fusion-alignleft\"><a class=\"fusion-button button-flat fusion-button-default-size button-custom fusion-button-default button-2 fusion-button-default-span fusion-button-default-type\" style=\"--button_accent_color:#ffffff;--button_accent_hover_color:#ffffff;--button_border_hover_color:#ffffff;--button_border_width-top:0px;--button_border_width-right:0px;--button_border_width-bottom:0px;--button_border_width-left:0px;--button_gradient_top_color:#3498db;--button_gradient_bottom_color:#3498db;--button_gradient_top_color_hover:#33bcdb;--button_gradient_bottom_color_hover:#33bcdb;\" target=\"_self\" href=\"\/de\/organigramm-software\/orgchart-platinum\/orgchart-platinum-gratis-testversion\/\"><span class=\"fusion-button-icon-divider button-icon-divider-left\"><i class=\"fa-download fas awb-button__icon awb-button__icon--default\" aria-hidden=\"true\"><\/i><\/span><span class=\"fusion-button-text awb-button__text awb-button__text--default fusion-button-text-left\">Kostenlose Testversion starten<\/span><\/a><\/div><div class=\"fusion-clearfix\"><\/div><\/div><\/div><\/div><\/div><div class=\"fusion-fullwidth fullwidth-box fusion-builder-row-4 nonhundred-percent-fullwidth non-hundred-percent-height-scrolling\" style=\"--awb-background-position:left top;--awb-border-sizes-top:0px;--awb-border-sizes-bottom:0px;--awb-border-sizes-left:0px;--awb-border-sizes-right:0px;--awb-border-radius-top-left:0px;--awb-border-radius-top-right:0px;--awb-border-radius-bottom-right:0px;--awb-border-radius-bottom-left:0px;--awb-padding-top:30px;--awb-padding-right:0px;--awb-padding-bottom:10px;--awb-padding-left:0px;--awb-background-color:#fff;--awb-flex-wrap:wrap;\" ><div class=\"fusion-builder-row fusion-row\"><div class=\"fusion-layout-column fusion_builder_column fusion-builder-column-3 fusion_builder_column_1_1 1_1 fusion-one-full fusion-column-first fusion-column-last fusion-column-no-min-height\" style=\"--awb-bg-size:cover;--awb-margin-bottom:0px;\"><div class=\"fusion-column-wrapper fusion-flex-column-wrapper-legacy\"><div class=\"fusion-title title fusion-title-1 fusion-title-text fusion-title-size-three\" style=\"--awb-margin-top-small:0px;--awb-margin-right-small:0px;--awb-margin-bottom-small:20px;--awb-margin-left-small:0px;\"><h3 class=\"fusion-title-heading title-heading-left fusion-responsive-typography-calculated\" style=\"margin:0;--fontSize:22;--minFontSize:22;line-height:1.3;\">Uns vertrauen Unternehmen weltweit, darunter:<\/h3><span class=\"awb-title-spacer\"><\/span><div class=\"title-sep-container\"><div class=\"title-sep sep-single sep-solid\" style=\"border-color:#e0dede;\"><\/div><\/div><\/div><div class=\"fusion-clearfix\"><\/div><\/div><\/div><div class=\"fusion-layout-column fusion_builder_column fusion-builder-column-4 fusion_builder_column_1_5 1_5 fusion-one-fifth fusion-column-first\" style=\"--awb-bg-size:cover;width:16.8%; margin-right: 4%;\"><div class=\"fusion-column-wrapper fusion-flex-column-wrapper-legacy\"><div class=\"fusion-text fusion-text-4\"><p><img decoding=\"async\" class=\"alignnone size-medium wp-image-9908 aligncenter\" src=\"http:\/\/orgchartpro.de\/wp-content\/uploads\/spon-grey-523-hyundai-300x59.png\" alt=\"spon-grey-523-hyundai\" width=\"300\" height=\"59\" srcset=\"https:\/\/orgchartpro.de\/wp-content\/uploads\/spon-grey-523-hyundai-300x59.png 300w, https:\/\/orgchartpro.de\/wp-content\/uploads\/spon-grey-523-hyundai.png 347w\" sizes=\"(max-width: 300px) 100vw, 300px\" \/><\/p>\n<\/div><div class=\"fusion-clearfix\"><\/div><\/div><\/div><div class=\"fusion-layout-column fusion_builder_column fusion-builder-column-5 fusion_builder_column_1_5 1_5 fusion-one-fifth\" style=\"--awb-bg-size:cover;width:16.8%; margin-right: 4%;\"><div class=\"fusion-column-wrapper fusion-flex-column-wrapper-legacy\"><div class=\"fusion-text fusion-text-5\"><p><img decoding=\"async\" class=\"alignnone size-full wp-image-9910 aligncenter\" src=\"http:\/\/orgchartpro.de\/wp-content\/uploads\/spon-grey-323-voda.png\" alt=\"spon-grey-323-voda\" width=\"221\" height=\"69\" srcset=\"https:\/\/orgchartpro.de\/wp-content\/uploads\/spon-grey-323-voda-220x69.png 220w, https:\/\/orgchartpro.de\/wp-content\/uploads\/spon-grey-323-voda.png 221w\" sizes=\"(max-width: 221px) 100vw, 221px\" \/><\/p>\n<\/div><div class=\"fusion-clearfix\"><\/div><\/div><\/div><div class=\"fusion-layout-column fusion_builder_column fusion-builder-column-6 fusion_builder_column_1_5 1_5 fusion-one-fifth\" style=\"--awb-bg-size:cover;width:16.8%; margin-right: 4%;\"><div class=\"fusion-column-wrapper fusion-flex-column-wrapper-legacy\"><div class=\"fusion-text fusion-text-6\"><p><img decoding=\"async\" class=\"alignnone size-full wp-image-25 aligncenter\" src=\"http:\/\/orgchartpro.de\/wp-content\/uploads\/spon-grey-421.png\" alt=\"spon-grey-421\" width=\"141\" height=\"69\" \/><\/p>\n<\/div><div class=\"fusion-clearfix\"><\/div><\/div><\/div><div class=\"fusion-layout-column fusion_builder_column fusion-builder-column-7 fusion_builder_column_1_5 1_5 fusion-one-fifth\" style=\"--awb-bg-size:cover;width:16.8%; margin-right: 4%;\"><div class=\"fusion-column-wrapper fusion-flex-column-wrapper-legacy\"><div class=\"fusion-text fusion-text-7\"><p><img decoding=\"async\" class=\"alignnone size-full wp-image-9909 aligncenter\" src=\"http:\/\/orgchartpro.de\/wp-content\/uploads\/spon-grey-423-staples.png\" alt=\"spon-grey-423-staples\" width=\"138\" height=\"69\" \/><\/p>\n<\/div><div class=\"fusion-clearfix\"><\/div><\/div><\/div><div class=\"fusion-layout-column fusion_builder_column fusion-builder-column-8 fusion_builder_column_1_5 1_5 fusion-one-fifth fusion-column-last\" style=\"--awb-bg-size:cover;width:16.8%;\"><div class=\"fusion-column-wrapper fusion-flex-column-wrapper-legacy\"><div class=\"fusion-text fusion-text-8\"><p><img decoding=\"async\" class=\"alignnone size-medium wp-image-9911 aligncenter\" src=\"http:\/\/orgchartpro.de\/wp-content\/uploads\/spon-grey-223-loreal-300x54.png\" alt=\"spon-grey-223-loreal\" width=\"300\" height=\"54\" srcset=\"https:\/\/orgchartpro.de\/wp-content\/uploads\/spon-grey-223-loreal-300x54.png 300w, https:\/\/orgchartpro.de\/wp-content\/uploads\/spon-grey-223-loreal.png 386w\" sizes=\"(max-width: 300px) 100vw, 300px\" \/><\/p>\n<\/div><div class=\"fusion-clearfix\"><\/div><\/div><\/div><\/div><\/div><\/p>\n","protected":false},"excerpt":{"rendered":"","protected":false},"author":2,"featured_media":0,"parent":0,"menu_order":0,"comment_status":"closed","ping_status":"closed","template":"100-width.php","meta":{"footnotes":""},"class_list":["post-20521","page","type-page","status-publish","hentry"],"yoast_head":"<!-- This site is optimized with the Yoast SEO Premium plugin v15.8.2 - https:\/\/yoast.com\/wordpress\/plugins\/seo\/ -->\n<title>Kostenlose Organigramm-Testsoftware<\/title>\n<meta name=\"description\" content=\"Testen Sie irgendeines unserer kostenlosen OrgChart-Programme \u2013 damit k\u00f6nnen Sie Organigramme wie nie zuvor erstellen, verwalten und freigeben.\" \/>\n<meta name=\"robots\" content=\"index, follow, max-snippet:-1, max-image-preview:large, max-video-preview:-1\" \/>\n<link rel=\"canonical\" href=\"https:\/\/orgchartpro.de\/de\/kostenlose-organigramm-testsoftware\/\" \/>\n<meta property=\"og:locale\" content=\"de_DE\" \/>\n<meta property=\"og:type\" content=\"article\" \/>\n<meta property=\"og:title\" content=\"Kostenlose Organigramm-Testsoftware\" \/>\n<meta property=\"og:description\" content=\"Testen Sie irgendeines unserer kostenlosen OrgChart-Programme \u2013 damit k\u00f6nnen Sie Organigramme wie nie zuvor erstellen, verwalten und freigeben.\" \/>\n<meta property=\"og:url\" content=\"https:\/\/orgchartpro.de\/de\/kostenlose-organigramm-testsoftware\/\" \/>\n<meta property=\"og:site_name\" content=\"OrgChart - Germany\" \/>\n<meta property=\"article:publisher\" content=\"https:\/\/www.facebook.com\/OrganizationalChartingSoftware\" \/>\n<meta property=\"article:modified_time\" content=\"2021-06-04T03:39:10+00:00\" \/>\n<meta property=\"og:image\" content=\"http:\/\/orgchartpro.de\/wp-content\/uploads\/OrgChart-Now-UI.11.png\" \/>\n<meta name=\"twitter:card\" content=\"summary\" \/>\n<meta name=\"twitter:site\" content=\"@orgchartpro\" \/>\n<meta name=\"twitter:label1\" content=\"Gesch\u00e4tzte Lesezeit\">\n\t<meta name=\"twitter:data1\" content=\"5\u00a0Minuten\">\n<script type=\"application\/ld+json\" class=\"yoast-schema-graph\">{\"@context\":\"https:\/\/schema.org\",\"@graph\":[{\"@type\":\"Organization\",\"@id\":\"https:\/\/orgchartpro.de\/de\/#organization\",\"name\":\"OrgChart Pro\",\"url\":\"https:\/\/orgchartpro.de\/de\/\",\"sameAs\":[\"https:\/\/www.facebook.com\/OrganizationalChartingSoftware\",\"https:\/\/www.linkedin.com\/company\/806102\",\"https:\/\/www.youtube.com\/user\/OrgChartProfessional\",\"https:\/\/twitter.com\/orgchartpro\"],\"logo\":{\"@type\":\"ImageObject\",\"@id\":\"https:\/\/orgchartpro.de\/de\/#logo\",\"inLanguage\":\"de\",\"url\":\"https:\/\/orgchartpro.de\/wp-content\/uploads\/orgchartpro-logo-55h.png\",\"width\":140,\"height\":55,\"caption\":\"OrgChart Pro\"},\"image\":{\"@id\":\"https:\/\/orgchartpro.de\/de\/#logo\"}},{\"@type\":\"WebSite\",\"@id\":\"https:\/\/orgchartpro.de\/de\/#website\",\"url\":\"https:\/\/orgchartpro.de\/de\/\",\"name\":\"OrgChart - Germany\",\"description\":\"The Better Way To Chart Your Organisation\",\"publisher\":{\"@id\":\"https:\/\/orgchartpro.de\/de\/#organization\"},\"potentialAction\":[{\"@type\":\"SearchAction\",\"target\":\"https:\/\/orgchartpro.de\/de\/?s={search_term_string}\",\"query-input\":\"required name=search_term_string\"}],\"inLanguage\":\"de\"},{\"@type\":\"ImageObject\",\"@id\":\"https:\/\/orgchartpro.de\/de\/kostenlose-organigramm-testsoftware\/#primaryimage\",\"inLanguage\":\"de\",\"url\":\"http:\/\/orgchartpro.de\/wp-content\/uploads\/OrgChart-Now-UI.11.png\"},{\"@type\":\"WebPage\",\"@id\":\"https:\/\/orgchartpro.de\/de\/kostenlose-organigramm-testsoftware\/#webpage\",\"url\":\"https:\/\/orgchartpro.de\/de\/kostenlose-organigramm-testsoftware\/\",\"name\":\"Kostenlose Organigramm-Testsoftware\",\"isPartOf\":{\"@id\":\"https:\/\/orgchartpro.de\/de\/#website\"},\"primaryImageOfPage\":{\"@id\":\"https:\/\/orgchartpro.de\/de\/kostenlose-organigramm-testsoftware\/#primaryimage\"},\"datePublished\":\"2017-12-19T17:08:21+00:00\",\"dateModified\":\"2021-06-04T03:39:10+00:00\",\"description\":\"Testen Sie irgendeines unserer kostenlosen OrgChart-Programme \\u2013 damit k\\u00f6nnen Sie Organigramme wie nie zuvor erstellen, verwalten und freigeben.\",\"breadcrumb\":{\"@id\":\"https:\/\/orgchartpro.de\/de\/kostenlose-organigramm-testsoftware\/#breadcrumb\"},\"inLanguage\":\"de\",\"potentialAction\":[{\"@type\":\"ReadAction\",\"target\":[\"https:\/\/orgchartpro.de\/de\/kostenlose-organigramm-testsoftware\/\"]}]},{\"@type\":\"BreadcrumbList\",\"@id\":\"https:\/\/orgchartpro.de\/de\/kostenlose-organigramm-testsoftware\/#breadcrumb\",\"itemListElement\":[{\"@type\":\"ListItem\",\"position\":1,\"item\":{\"@type\":\"WebPage\",\"@id\":\"https:\/\/orgchartpro.de\/de\/\",\"url\":\"https:\/\/orgchartpro.de\/de\/\",\"name\":\"Home\"}},{\"@type\":\"ListItem\",\"position\":2,\"item\":{\"@type\":\"WebPage\",\"@id\":\"https:\/\/orgchartpro.de\/de\/kostenlose-organigramm-testsoftware\/\",\"url\":\"https:\/\/orgchartpro.de\/de\/kostenlose-organigramm-testsoftware\/\",\"name\":\"Kostenlose Organigramm-Testsoftware\"}}]}]}<\/script>\n<!-- \/ Yoast SEO Premium plugin. -->","_links":{"self":[{"href":"https:\/\/orgchartpro.de\/de\/wp-json\/wp\/v2\/pages\/20521","targetHints":{"allow":["GET"]}}],"collection":[{"href":"https:\/\/orgchartpro.de\/de\/wp-json\/wp\/v2\/pages"}],"about":[{"href":"https:\/\/orgchartpro.de\/de\/wp-json\/wp\/v2\/types\/page"}],"author":[{"embeddable":true,"href":"https:\/\/orgchartpro.de\/de\/wp-json\/wp\/v2\/users\/2"}],"replies":[{"embeddable":true,"href":"https:\/\/orgchartpro.de\/de\/wp-json\/wp\/v2\/comments?post=20521"}],"version-history":[{"count":5,"href":"https:\/\/orgchartpro.de\/de\/wp-json\/wp\/v2\/pages\/20521\/revisions"}],"predecessor-version":[{"id":37520,"href":"https:\/\/orgchartpro.de\/de\/wp-json\/wp\/v2\/pages\/20521\/revisions\/37520"}],"wp:attachment":[{"href":"https:\/\/orgchartpro.de\/de\/wp-json\/wp\/v2\/media?parent=20521"}],"curies":[{"name":"wp","href":"https:\/\/api.w.org\/{rel}","templated":true}]}}